{"id":11,"date":"2018-11-22T15:55:44","date_gmt":"2018-11-22T14:55:44","guid":{"rendered":"https:\/\/gerne-kredit.de\/?page_id=11"},"modified":"2019-11-15T22:18:36","modified_gmt":"2019-11-15T21:18:36","slug":"umschuldung","status":"publish","type":"page","link":"https:\/\/gerne-kredit.de\/index.php\/umschuldung\/","title":{"rendered":"Umschuldung"},"content":{"rendered":"<h1 id=\"umschuldung\">Umschuldung<\/h1>\n<p>Mit einer Umschuldung Ihres bestehenden Kredits oder aber die Zusammenfassung mehrerer Kredite k\u00f6nnen Sie ganz simpel Kosten einsparen. Durch gesunkene Zinsen in den letzten Jahren k\u00f6nnen Sie davon ausgehen, dass Sie Ihr bestehende Finanzierung mit einem g\u00fcnstigeren Kredit abl\u00f6sen k\u00f6nnen. Wie das genau funktioniert und wie viel Sie sparen k\u00f6nnen, k\u00f6nnen Sie in unserem Kreditvergleich berechnen.<\/p>\n<p>&nbsp;<\/p>\n<h4 style=\"text-align: center;\"><a href=\"https:\/\/gerne-kredit.de\/index.php\/kreditbeantragung\/\">Zur Kreditbeantragung<\/a><\/h4>\n<p>&nbsp;<\/p>\n<p>&nbsp;<\/p>\n","protected":false},"excerpt":{"rendered":"<p>Umschuldung Mit einer Umschuldung Ihres bestehenden Kredits oder aber die Zusammenfassung mehrerer Kredite k\u00f6nnen Sie ganz simpel Kosten einsparen. Durch gesunkene Zinsen in den letzten Jahren k\u00f6nnen Sie davon ausgehen, dass Sie Ihr bestehende Finanzierung mit einem g\u00fcnstigeren Kredit abl\u00f6sen k\u00f6nnen. Wie das genau funktioniert und wie viel Sie sparen k\u00f6nnen, k\u00f6nnen Sie in unserem [&hellip;]<\/p>\n","protected":false},"author":1,"featured_media":0,"parent":0,"menu_order":0,"comment_status":"closed","ping_status":"closed","template":"","meta":{"footnotes":""},"class_list":["post-11","page","type-page","status-publish","hentry"],"yoast_head":"<!-- This site is optimized with the Yoast SEO plugin v27.3 - https:\/\/yoast.com\/product\/yoast-seo-wordpress\/ -->\n<title>Umschuldung - Gerne Kredit<\/title>\n<meta name=\"description\" content=\"Durch eine Umschuldung eines Kredites bzw. Zusammenfassung von mehreren Krediten k\u00f6nnen Sie ganz einfach Kosten einsparen. Die Phoenix Finanz ber\u00e4t Sie gern\" \/>\n<meta name=\"robots\" content=\"index, follow, max-snippet:-1, max-image-preview:large, max-video-preview:-1\" \/>\n<link rel=\"canonical\" href=\"https:\/\/gerne-kredit.de\/index.php\/umschuldung\/\" \/>\n<meta property=\"og:locale\" content=\"de_DE\" \/>\n<meta property=\"og:type\" content=\"article\" \/>\n<meta property=\"og:title\" content=\"Umschuldung - Gerne Kredit\" \/>\n<meta property=\"og:description\" content=\"Durch eine Umschuldung eines Kredites bzw. Zusammenfassung von mehreren Krediten k\u00f6nnen Sie ganz einfach Kosten einsparen. Die Phoenix Finanz ber\u00e4t Sie gern\" \/>\n<meta property=\"og:url\" content=\"https:\/\/gerne-kredit.de\/index.php\/umschuldung\/\" \/>\n<meta property=\"og:site_name\" content=\"Gerne Kredit\" \/>\n<meta property=\"article:modified_time\" content=\"2019-11-15T21:18:36+00:00\" \/>\n<meta name=\"twitter:card\" content=\"summary_large_image\" \/>\n<script type=\"application\/ld+json\" class=\"yoast-schema-graph\">{\"@context\":\"https:\\\/\\\/schema.org\",\"@graph\":[{\"@type\":\"WebPage\",\"@id\":\"https:\\\/\\\/gerne-kredit.de\\\/index.php\\\/umschuldung\\\/\",\"url\":\"https:\\\/\\\/gerne-kredit.de\\\/index.php\\\/umschuldung\\\/\",\"name\":\"Umschuldung - Gerne Kredit\",\"isPartOf\":{\"@id\":\"https:\\\/\\\/gerne-kredit.de\\\/#website\"},\"datePublished\":\"2018-11-22T14:55:44+00:00\",\"dateModified\":\"2019-11-15T21:18:36+00:00\",\"description\":\"Durch eine Umschuldung eines Kredites bzw. Zusammenfassung von mehreren Krediten k\u00f6nnen Sie ganz einfach Kosten einsparen. Die Phoenix Finanz ber\u00e4t Sie gern\",\"breadcrumb\":{\"@id\":\"https:\\\/\\\/gerne-kredit.de\\\/index.php\\\/umschuldung\\\/#breadcrumb\"},\"inLanguage\":\"de\",\"potentialAction\":[{\"@type\":\"ReadAction\",\"target\":[\"https:\\\/\\\/gerne-kredit.de\\\/index.php\\\/umschuldung\\\/\"]}]},{\"@type\":\"BreadcrumbList\",\"@id\":\"https:\\\/\\\/gerne-kredit.de\\\/index.php\\\/umschuldung\\\/#breadcrumb\",\"itemListElement\":[{\"@type\":\"ListItem\",\"position\":1,\"name\":\"Home\",\"item\":\"https:\\\/\\\/gerne-kredit.de\\\/\"},{\"@type\":\"ListItem\",\"position\":2,\"name\":\"Umschuldung\"}]},{\"@type\":\"WebSite\",\"@id\":\"https:\\\/\\\/gerne-kredit.de\\\/#website\",\"url\":\"https:\\\/\\\/gerne-kredit.de\\\/\",\"name\":\"Gerne Kredit\",\"description\":\"Phoenix Finanz\",\"publisher\":{\"@id\":\"https:\\\/\\\/gerne-kredit.de\\\/#organization\"},\"potentialAction\":[{\"@type\":\"SearchAction\",\"target\":{\"@type\":\"EntryPoint\",\"urlTemplate\":\"https:\\\/\\\/gerne-kredit.de\\\/?s={search_term_string}\"},\"query-input\":{\"@type\":\"PropertyValueSpecification\",\"valueRequired\":true,\"valueName\":\"search_term_string\"}}],\"inLanguage\":\"de\"},{\"@type\":\"Organization\",\"@id\":\"https:\\\/\\\/gerne-kredit.de\\\/#organization\",\"name\":\"Phoenix Finanzvermittlung\",\"url\":\"https:\\\/\\\/gerne-kredit.de\\\/\",\"logo\":{\"@type\":\"ImageObject\",\"inLanguage\":\"de\",\"@id\":\"https:\\\/\\\/gerne-kredit.de\\\/#\\\/schema\\\/logo\\\/image\\\/\",\"url\":\"https:\\\/\\\/gerne-kredit.de\\\/wp-content\\\/uploads\\\/2019\\\/11\\\/Fotolia_69606118_XS1.jpg\",\"contentUrl\":\"https:\\\/\\\/gerne-kredit.de\\\/wp-content\\\/uploads\\\/2019\\\/11\\\/Fotolia_69606118_XS1.jpg\",\"width\":95,\"height\":67,\"caption\":\"Phoenix Finanzvermittlung\"},\"image\":{\"@id\":\"https:\\\/\\\/gerne-kredit.de\\\/#\\\/schema\\\/logo\\\/image\\\/\"}}]}<\/script>\n<!-- \/ Yoast SEO plugin. -->","yoast_head_json":{"title":"Umschuldung - Gerne Kredit","description":"Durch eine Umschuldung eines Kredites bzw. Zusammenfassung von mehreren Krediten k\u00f6nnen Sie ganz einfach Kosten einsparen. Die Phoenix Finanz ber\u00e4t Sie gern","robots":{"index":"index","follow":"follow","max-snippet":"max-snippet:-1","max-image-preview":"max-image-preview:large","max-video-preview":"max-video-preview:-1"},"canonical":"https:\/\/gerne-kredit.de\/index.php\/umschuldung\/","og_locale":"de_DE","og_type":"article","og_title":"Umschuldung - Gerne Kredit","og_description":"Durch eine Umschuldung eines Kredites bzw. Zusammenfassung von mehreren Krediten k\u00f6nnen Sie ganz einfach Kosten einsparen. Die Phoenix Finanz ber\u00e4t Sie gern","og_url":"https:\/\/gerne-kredit.de\/index.php\/umschuldung\/","og_site_name":"Gerne Kredit","article_modified_time":"2019-11-15T21:18:36+00:00","twitter_card":"summary_large_image","schema":{"@context":"https:\/\/schema.org","@graph":[{"@type":"WebPage","@id":"https:\/\/gerne-kredit.de\/index.php\/umschuldung\/","url":"https:\/\/gerne-kredit.de\/index.php\/umschuldung\/","name":"Umschuldung - Gerne Kredit","isPartOf":{"@id":"https:\/\/gerne-kredit.de\/#website"},"datePublished":"2018-11-22T14:55:44+00:00","dateModified":"2019-11-15T21:18:36+00:00","description":"Durch eine Umschuldung eines Kredites bzw. Zusammenfassung von mehreren Krediten k\u00f6nnen Sie ganz einfach Kosten einsparen. Die Phoenix Finanz ber\u00e4t Sie gern","breadcrumb":{"@id":"https:\/\/gerne-kredit.de\/index.php\/umschuldung\/#breadcrumb"},"inLanguage":"de","potentialAction":[{"@type":"ReadAction","target":["https:\/\/gerne-kredit.de\/index.php\/umschuldung\/"]}]},{"@type":"BreadcrumbList","@id":"https:\/\/gerne-kredit.de\/index.php\/umschuldung\/#breadcrumb","itemListElement":[{"@type":"ListItem","position":1,"name":"Home","item":"https:\/\/gerne-kredit.de\/"},{"@type":"ListItem","position":2,"name":"Umschuldung"}]},{"@type":"WebSite","@id":"https:\/\/gerne-kredit.de\/#website","url":"https:\/\/gerne-kredit.de\/","name":"Gerne Kredit","description":"Phoenix Finanz","publisher":{"@id":"https:\/\/gerne-kredit.de\/#organization"},"potentialAction":[{"@type":"SearchAction","target":{"@type":"EntryPoint","urlTemplate":"https:\/\/gerne-kredit.de\/?s={search_term_string}"},"query-input":{"@type":"PropertyValueSpecification","valueRequired":true,"valueName":"search_term_string"}}],"inLanguage":"de"},{"@type":"Organization","@id":"https:\/\/gerne-kredit.de\/#organization","name":"Phoenix Finanzvermittlung","url":"https:\/\/gerne-kredit.de\/","logo":{"@type":"ImageObject","inLanguage":"de","@id":"https:\/\/gerne-kredit.de\/#\/schema\/logo\/image\/","url":"https:\/\/gerne-kredit.de\/wp-content\/uploads\/2019\/11\/Fotolia_69606118_XS1.jpg","contentUrl":"https:\/\/gerne-kredit.de\/wp-content\/uploads\/2019\/11\/Fotolia_69606118_XS1.jpg","width":95,"height":67,"caption":"Phoenix Finanzvermittlung"},"image":{"@id":"https:\/\/gerne-kredit.de\/#\/schema\/logo\/image\/"}}]}},"jetpack_sharing_enabled":true,"_links":{"self":[{"href":"https:\/\/gerne-kredit.de\/index.php\/wp-json\/wp\/v2\/pages\/11","targetHints":{"allow":["GET"]}}],"collection":[{"href":"https:\/\/gerne-kredit.de\/index.php\/wp-json\/wp\/v2\/pages"}],"about":[{"href":"https:\/\/gerne-kredit.de\/index.php\/wp-json\/wp\/v2\/types\/page"}],"author":[{"embeddable":true,"href":"https:\/\/gerne-kredit.de\/index.php\/wp-json\/wp\/v2\/users\/1"}],"replies":[{"embeddable":true,"href":"https:\/\/gerne-kredit.de\/index.php\/wp-json\/wp\/v2\/comments?post=11"}],"version-history":[{"count":5,"href":"https:\/\/gerne-kredit.de\/index.php\/wp-json\/wp\/v2\/pages\/11\/revisions"}],"predecessor-version":[{"id":207,"href":"https:\/\/gerne-kredit.de\/index.php\/wp-json\/wp\/v2\/pages\/11\/revisions\/207"}],"wp:attachment":[{"href":"https:\/\/gerne-kredit.de\/index.php\/wp-json\/wp\/v2\/media?parent=11"}],"curies":[{"name":"wp","href":"https:\/\/api.w.org\/{rel}","templated":true}]}}