{"id":121,"date":"2019-08-09T10:40:40","date_gmt":"2019-08-09T08:40:40","guid":{"rendered":"https:\/\/gerne-kredit.de\/?page_id=121"},"modified":"2019-08-09T10:40:40","modified_gmt":"2019-08-09T08:40:40","slug":"extrakreditbeantragung","status":"publish","type":"page","link":"https:\/\/gerne-kredit.de\/index.php\/extrakreditbeantragung\/","title":{"rendered":"ExtraKreditbeantragung"},"content":{"rendered":"<h1>Kreditbeantragung<\/h1>\n<p><strong>Wir freuen Sie hier begr\u00fc\u00dfen zu d\u00fcrfen. Nutzen Sie unseren Kreditvergleich f\u00fcr Ihren Wunschkredit. Diese basieren auf der von Ihnen ben\u00f6tigten Kredith\u00f6he und der gew\u00fcnschten Laufzeit. Sie erhalten eine \u00dcbersicht der aktuellen Konditionen verschiedener Anbieter.<\/strong><\/p>\n<p><strong>So haben Sie die M\u00f6glichkeit, das f\u00fcr Sie passende Kreditangebot auszuw\u00e4hlen und den Darlehensantrag zu stellen.<\/strong><\/p>\n<p><strong>Bei Fragen steht Ihnen unser Kreditteam unter 02306-8496943 gern zur Verf\u00fcgung.<\/strong><\/p>\n<p>&nbsp;<\/p>\n<p><iframe loading=\"lazy\" src=\"https:\/\/www.procheck24.de\/einsurance\/csp\/doHomepageEntry.do?cspident=B4A8D1CEF161461D37CFF5418E128C92&amp;p=1\" width=\"800\" height=\"1050\" data-mce-fragment=\"1\">\/iframe&amp;gt;&amp;nbsp;&lt;\/p&gt;&lt;p&gt;<\/iframe><\/p>\n<p><strong>Bei Fragen stehen wir gern zur Verf\u00fcgung. <a href=\"https:\/\/gerne-kredit.de\/index.php\/kontakt\/\">Kontakt<\/a><\/strong><\/p>\n","protected":false},"excerpt":{"rendered":"<p>Kreditbeantragung Wir freuen Sie hier begr\u00fc\u00dfen zu d\u00fcrfen. Nutzen Sie unseren Kreditvergleich f\u00fcr Ihren Wunschkredit. Diese basieren auf der von Ihnen ben\u00f6tigten Kredith\u00f6he und der gew\u00fcnschten Laufzeit. Sie erhalten eine \u00dcbersicht der aktuellen Konditionen verschiedener Anbieter. So haben Sie die M\u00f6glichkeit, das f\u00fcr Sie passende Kreditangebot auszuw\u00e4hlen und den Darlehensantrag zu stellen. Bei Fragen steht [&hellip;]<\/p>\n","protected":false},"author":1,"featured_media":0,"parent":0,"menu_order":0,"comment_status":"closed","ping_status":"closed","template":"","meta":{"footnotes":""},"class_list":["post-121","page","type-page","status-publish","hentry"],"yoast_head":"<!-- This site is optimized with the Yoast SEO plugin v27.5 - https:\/\/yoast.com\/product\/yoast-seo-wordpress\/ -->\n<title>ExtraKreditbeantragung - Gerne Kredit<\/title>\n<meta name=\"robots\" content=\"index, follow, max-snippet:-1, max-image-preview:large, max-video-preview:-1\" \/>\n<link rel=\"canonical\" href=\"https:\/\/gerne-kredit.de\/index.php\/extrakreditbeantragung\/\" \/>\n<meta property=\"og:locale\" content=\"de_DE\" \/>\n<meta property=\"og:type\" content=\"article\" \/>\n<meta property=\"og:title\" content=\"ExtraKreditbeantragung - Gerne Kredit\" \/>\n<meta property=\"og:description\" content=\"Kreditbeantragung Wir freuen Sie hier begr\u00fc\u00dfen zu d\u00fcrfen. Nutzen Sie unseren Kreditvergleich f\u00fcr Ihren Wunschkredit. Diese basieren auf der von Ihnen ben\u00f6tigten Kredith\u00f6he und der gew\u00fcnschten Laufzeit. Sie erhalten eine \u00dcbersicht der aktuellen Konditionen verschiedener Anbieter. So haben Sie die M\u00f6glichkeit, das f\u00fcr Sie passende Kreditangebot auszuw\u00e4hlen und den Darlehensantrag zu stellen. Bei Fragen steht [&hellip;]\" \/>\n<meta property=\"og:url\" content=\"https:\/\/gerne-kredit.de\/index.php\/extrakreditbeantragung\/\" \/>\n<meta property=\"og:site_name\" content=\"Gerne Kredit\" \/>\n<meta name=\"twitter:card\" content=\"summary_large_image\" \/>\n<script type=\"application\/ld+json\" class=\"yoast-schema-graph\">{\"@context\":\"https:\\\/\\\/schema.org\",\"@graph\":[{\"@type\":\"WebPage\",\"@id\":\"https:\\\/\\\/gerne-kredit.de\\\/index.php\\\/extrakreditbeantragung\\\/\",\"url\":\"https:\\\/\\\/gerne-kredit.de\\\/index.php\\\/extrakreditbeantragung\\\/\",\"name\":\"ExtraKreditbeantragung - Gerne Kredit\",\"isPartOf\":{\"@id\":\"https:\\\/\\\/gerne-kredit.de\\\/#website\"},\"datePublished\":\"2019-08-09T08:40:40+00:00\",\"breadcrumb\":{\"@id\":\"https:\\\/\\\/gerne-kredit.de\\\/index.php\\\/extrakreditbeantragung\\\/#breadcrumb\"},\"inLanguage\":\"de\",\"potentialAction\":[{\"@type\":\"ReadAction\",\"target\":[\"https:\\\/\\\/gerne-kredit.de\\\/index.php\\\/extrakreditbeantragung\\\/\"]}]},{\"@type\":\"BreadcrumbList\",\"@id\":\"https:\\\/\\\/gerne-kredit.de\\\/index.php\\\/extrakreditbeantragung\\\/#breadcrumb\",\"itemListElement\":[{\"@type\":\"ListItem\",\"position\":1,\"name\":\"Home\",\"item\":\"https:\\\/\\\/gerne-kredit.de\\\/\"},{\"@type\":\"ListItem\",\"position\":2,\"name\":\"ExtraKreditbeantragung\"}]},{\"@type\":\"WebSite\",\"@id\":\"https:\\\/\\\/gerne-kredit.de\\\/#website\",\"url\":\"https:\\\/\\\/gerne-kredit.de\\\/\",\"name\":\"Gerne Kredit\",\"description\":\"Phoenix Finanz\",\"publisher\":{\"@id\":\"https:\\\/\\\/gerne-kredit.de\\\/#organization\"},\"potentialAction\":[{\"@type\":\"SearchAction\",\"target\":{\"@type\":\"EntryPoint\",\"urlTemplate\":\"https:\\\/\\\/gerne-kredit.de\\\/?s={search_term_string}\"},\"query-input\":{\"@type\":\"PropertyValueSpecification\",\"valueRequired\":true,\"valueName\":\"search_term_string\"}}],\"inLanguage\":\"de\"},{\"@type\":\"Organization\",\"@id\":\"https:\\\/\\\/gerne-kredit.de\\\/#organization\",\"name\":\"Phoenix Finanzvermittlung\",\"url\":\"https:\\\/\\\/gerne-kredit.de\\\/\",\"logo\":{\"@type\":\"ImageObject\",\"inLanguage\":\"de\",\"@id\":\"https:\\\/\\\/gerne-kredit.de\\\/#\\\/schema\\\/logo\\\/image\\\/\",\"url\":\"https:\\\/\\\/gerne-kredit.de\\\/wp-content\\\/uploads\\\/2019\\\/11\\\/Fotolia_69606118_XS1.jpg\",\"contentUrl\":\"https:\\\/\\\/gerne-kredit.de\\\/wp-content\\\/uploads\\\/2019\\\/11\\\/Fotolia_69606118_XS1.jpg\",\"width\":95,\"height\":67,\"caption\":\"Phoenix Finanzvermittlung\"},\"image\":{\"@id\":\"https:\\\/\\\/gerne-kredit.de\\\/#\\\/schema\\\/logo\\\/image\\\/\"}}]}<\/script>\n<!-- \/ Yoast SEO plugin. -->","yoast_head_json":{"title":"ExtraKreditbeantragung - Gerne Kredit","robots":{"index":"index","follow":"follow","max-snippet":"max-snippet:-1","max-image-preview":"max-image-preview:large","max-video-preview":"max-video-preview:-1"},"canonical":"https:\/\/gerne-kredit.de\/index.php\/extrakreditbeantragung\/","og_locale":"de_DE","og_type":"article","og_title":"ExtraKreditbeantragung - Gerne Kredit","og_description":"Kreditbeantragung Wir freuen Sie hier begr\u00fc\u00dfen zu d\u00fcrfen. Nutzen Sie unseren Kreditvergleich f\u00fcr Ihren Wunschkredit. Diese basieren auf der von Ihnen ben\u00f6tigten Kredith\u00f6he und der gew\u00fcnschten Laufzeit. Sie erhalten eine \u00dcbersicht der aktuellen Konditionen verschiedener Anbieter. So haben Sie die M\u00f6glichkeit, das f\u00fcr Sie passende Kreditangebot auszuw\u00e4hlen und den Darlehensantrag zu stellen. Bei Fragen steht [&hellip;]","og_url":"https:\/\/gerne-kredit.de\/index.php\/extrakreditbeantragung\/","og_site_name":"Gerne Kredit","twitter_card":"summary_large_image","schema":{"@context":"https:\/\/schema.org","@graph":[{"@type":"WebPage","@id":"https:\/\/gerne-kredit.de\/index.php\/extrakreditbeantragung\/","url":"https:\/\/gerne-kredit.de\/index.php\/extrakreditbeantragung\/","name":"ExtraKreditbeantragung - Gerne Kredit","isPartOf":{"@id":"https:\/\/gerne-kredit.de\/#website"},"datePublished":"2019-08-09T08:40:40+00:00","breadcrumb":{"@id":"https:\/\/gerne-kredit.de\/index.php\/extrakreditbeantragung\/#breadcrumb"},"inLanguage":"de","potentialAction":[{"@type":"ReadAction","target":["https:\/\/gerne-kredit.de\/index.php\/extrakreditbeantragung\/"]}]},{"@type":"BreadcrumbList","@id":"https:\/\/gerne-kredit.de\/index.php\/extrakreditbeantragung\/#breadcrumb","itemListElement":[{"@type":"ListItem","position":1,"name":"Home","item":"https:\/\/gerne-kredit.de\/"},{"@type":"ListItem","position":2,"name":"ExtraKreditbeantragung"}]},{"@type":"WebSite","@id":"https:\/\/gerne-kredit.de\/#website","url":"https:\/\/gerne-kredit.de\/","name":"Gerne Kredit","description":"Phoenix Finanz","publisher":{"@id":"https:\/\/gerne-kredit.de\/#organization"},"potentialAction":[{"@type":"SearchAction","target":{"@type":"EntryPoint","urlTemplate":"https:\/\/gerne-kredit.de\/?s={search_term_string}"},"query-input":{"@type":"PropertyValueSpecification","valueRequired":true,"valueName":"search_term_string"}}],"inLanguage":"de"},{"@type":"Organization","@id":"https:\/\/gerne-kredit.de\/#organization","name":"Phoenix Finanzvermittlung","url":"https:\/\/gerne-kredit.de\/","logo":{"@type":"ImageObject","inLanguage":"de","@id":"https:\/\/gerne-kredit.de\/#\/schema\/logo\/image\/","url":"https:\/\/gerne-kredit.de\/wp-content\/uploads\/2019\/11\/Fotolia_69606118_XS1.jpg","contentUrl":"https:\/\/gerne-kredit.de\/wp-content\/uploads\/2019\/11\/Fotolia_69606118_XS1.jpg","width":95,"height":67,"caption":"Phoenix Finanzvermittlung"},"image":{"@id":"https:\/\/gerne-kredit.de\/#\/schema\/logo\/image\/"}}]}},"jetpack_sharing_enabled":true,"_links":{"self":[{"href":"https:\/\/gerne-kredit.de\/index.php\/wp-json\/wp\/v2\/pages\/121","targetHints":{"allow":["GET"]}}],"collection":[{"href":"https:\/\/gerne-kredit.de\/index.php\/wp-json\/wp\/v2\/pages"}],"about":[{"href":"https:\/\/gerne-kredit.de\/index.php\/wp-json\/wp\/v2\/types\/page"}],"author":[{"embeddable":true,"href":"https:\/\/gerne-kredit.de\/index.php\/wp-json\/wp\/v2\/users\/1"}],"replies":[{"embeddable":true,"href":"https:\/\/gerne-kredit.de\/index.php\/wp-json\/wp\/v2\/comments?post=121"}],"version-history":[{"count":2,"href":"https:\/\/gerne-kredit.de\/index.php\/wp-json\/wp\/v2\/pages\/121\/revisions"}],"predecessor-version":[{"id":123,"href":"https:\/\/gerne-kredit.de\/index.php\/wp-json\/wp\/v2\/pages\/121\/revisions\/123"}],"wp:attachment":[{"href":"https:\/\/gerne-kredit.de\/index.php\/wp-json\/wp\/v2\/media?parent=121"}],"curies":[{"name":"wp","href":"https:\/\/api.w.org\/{rel}","templated":true}]}}