{"id":13,"date":"2018-11-22T15:56:38","date_gmt":"2018-11-22T14:56:38","guid":{"rendered":"https:\/\/gerne-kredit.de\/?page_id=13"},"modified":"2021-06-27T09:18:12","modified_gmt":"2021-06-27T07:18:12","slug":"autokredit","status":"publish","type":"page","link":"https:\/\/gerne-kredit.de\/index.php\/autokredit\/","title":{"rendered":"Autokredit"},"content":{"rendered":"<h1>Autokredit<\/h1>\n<p><strong>Sie suchen einen passenden Autokredit, um Ihren Traumwagen zu finanzieren? Oder m\u00fcssen Sie dringend ein Ersatzauto erwerben?<br \/>\n<\/strong><\/p>\n<p><strong>Dies stellt heute kein gro\u00dfes Problem mehr dar, denn gerade online werden sehr viele g\u00fcnstige M\u00f6glichkeiten f\u00fcr eine Finanzierung zur Verf\u00fcgung gestellt. <\/strong><\/p>\n<p><strong>Wir bieten Ihnen mit unserem Kreditvergleich dar\u00fcber hinaus die Chance, aus den vielen Angeboten eine Finanzierung herauszufiltern, die ganz und gar zu Ihren Vorstellungen passt und auch noch g\u00fcnstige Zinsen mit sich bringt.<\/strong><\/p>\n<p><strong>W\u00e4hlen Sie bitte im Antrag aus, ob Sie einen Neuwagen oder einen gebrauchten Wagen finanzieren wollen.<\/strong><\/p>\n<p>&nbsp;<\/p>\n<h2 style=\"text-align: center;\"><a href=\"https:\/\/gerne-kredit.de\/index.php\/kreditbeantragung\/\"><strong>Zur Beantragung Ihres Autokredit<\/strong><\/a><\/h2>\n<p>&nbsp;<\/p>\n<p>Bei Fragen stehen wir Ihnen zu unseren B\u00fcrozeiten gerne telefonisch unter\u00a0 02306-8496943 zur Verf\u00fcgung.<\/p>\n","protected":false},"excerpt":{"rendered":"<p>Autokredit Sie suchen einen passenden Autokredit, um Ihren Traumwagen zu finanzieren? Oder m\u00fcssen Sie dringend ein Ersatzauto erwerben? Dies stellt heute kein gro\u00dfes Problem mehr dar, denn gerade online werden sehr viele g\u00fcnstige M\u00f6glichkeiten f\u00fcr eine Finanzierung zur Verf\u00fcgung gestellt. Wir bieten Ihnen mit unserem Kreditvergleich dar\u00fcber hinaus die Chance, aus den vielen Angeboten eine [&hellip;]<\/p>\n","protected":false},"author":1,"featured_media":0,"parent":0,"menu_order":0,"comment_status":"closed","ping_status":"closed","template":"","meta":{"footnotes":""},"class_list":["post-13","page","type-page","status-publish","hentry"],"yoast_head":"<!-- This site is optimized with the Yoast SEO plugin v27.6 - https:\/\/yoast.com\/product\/yoast-seo-wordpress\/ -->\n<title>Autokredit<\/title>\n<meta name=\"description\" content=\"Beantragen Sie Ihren Autokredit. Schnell, sicher, online und vergleichen Sie die Konditionen von verschiedenen Banken f\u00fcr Ihren Kreditwunsch.\" \/>\n<meta name=\"robots\" content=\"index, follow, max-snippet:-1, max-image-preview:large, max-video-preview:-1\" \/>\n<link rel=\"canonical\" href=\"https:\/\/gerne-kredit.de\/index.php\/autokredit\/\" \/>\n<meta property=\"og:locale\" content=\"de_DE\" \/>\n<meta property=\"og:type\" content=\"article\" \/>\n<meta property=\"og:title\" content=\"Autokredit\" \/>\n<meta property=\"og:description\" content=\"Beantragen Sie Ihren Autokredit. Schnell, sicher, online und vergleichen Sie die Konditionen von verschiedenen Banken f\u00fcr Ihren Kreditwunsch.\" \/>\n<meta property=\"og:url\" content=\"https:\/\/gerne-kredit.de\/index.php\/autokredit\/\" \/>\n<meta property=\"og:site_name\" content=\"Gerne Kredit\" \/>\n<meta property=\"article:modified_time\" content=\"2021-06-27T07:18:12+00:00\" \/>\n<meta name=\"twitter:card\" content=\"summary_large_image\" \/>\n<meta name=\"twitter:label1\" content=\"Gesch\u00e4tzte Lesezeit\" \/>\n\t<meta name=\"twitter:data1\" content=\"1\u00a0Minute\" \/>\n<script type=\"application\/ld+json\" class=\"yoast-schema-graph\">{\"@context\":\"https:\\\/\\\/schema.org\",\"@graph\":[{\"@type\":\"WebPage\",\"@id\":\"https:\\\/\\\/gerne-kredit.de\\\/index.php\\\/autokredit\\\/\",\"url\":\"https:\\\/\\\/gerne-kredit.de\\\/index.php\\\/autokredit\\\/\",\"name\":\"Autokredit\",\"isPartOf\":{\"@id\":\"https:\\\/\\\/gerne-kredit.de\\\/#website\"},\"datePublished\":\"2018-11-22T14:56:38+00:00\",\"dateModified\":\"2021-06-27T07:18:12+00:00\",\"description\":\"Beantragen Sie Ihren Autokredit. Schnell, sicher, online und vergleichen Sie die Konditionen von verschiedenen Banken f\u00fcr Ihren Kreditwunsch.\",\"breadcrumb\":{\"@id\":\"https:\\\/\\\/gerne-kredit.de\\\/index.php\\\/autokredit\\\/#breadcrumb\"},\"inLanguage\":\"de\",\"potentialAction\":[{\"@type\":\"ReadAction\",\"target\":[\"https:\\\/\\\/gerne-kredit.de\\\/index.php\\\/autokredit\\\/\"]}]},{\"@type\":\"BreadcrumbList\",\"@id\":\"https:\\\/\\\/gerne-kredit.de\\\/index.php\\\/autokredit\\\/#breadcrumb\",\"itemListElement\":[{\"@type\":\"ListItem\",\"position\":1,\"name\":\"Home\",\"item\":\"https:\\\/\\\/gerne-kredit.de\\\/\"},{\"@type\":\"ListItem\",\"position\":2,\"name\":\"Autokredit\"}]},{\"@type\":\"WebSite\",\"@id\":\"https:\\\/\\\/gerne-kredit.de\\\/#website\",\"url\":\"https:\\\/\\\/gerne-kredit.de\\\/\",\"name\":\"Gerne Kredit\",\"description\":\"Phoenix Finanz\",\"publisher\":{\"@id\":\"https:\\\/\\\/gerne-kredit.de\\\/#organization\"},\"potentialAction\":[{\"@type\":\"SearchAction\",\"target\":{\"@type\":\"EntryPoint\",\"urlTemplate\":\"https:\\\/\\\/gerne-kredit.de\\\/?s={search_term_string}\"},\"query-input\":{\"@type\":\"PropertyValueSpecification\",\"valueRequired\":true,\"valueName\":\"search_term_string\"}}],\"inLanguage\":\"de\"},{\"@type\":\"Organization\",\"@id\":\"https:\\\/\\\/gerne-kredit.de\\\/#organization\",\"name\":\"Phoenix Finanzvermittlung\",\"url\":\"https:\\\/\\\/gerne-kredit.de\\\/\",\"logo\":{\"@type\":\"ImageObject\",\"inLanguage\":\"de\",\"@id\":\"https:\\\/\\\/gerne-kredit.de\\\/#\\\/schema\\\/logo\\\/image\\\/\",\"url\":\"https:\\\/\\\/gerne-kredit.de\\\/wp-content\\\/uploads\\\/2019\\\/11\\\/Fotolia_69606118_XS1.jpg\",\"contentUrl\":\"https:\\\/\\\/gerne-kredit.de\\\/wp-content\\\/uploads\\\/2019\\\/11\\\/Fotolia_69606118_XS1.jpg\",\"width\":95,\"height\":67,\"caption\":\"Phoenix Finanzvermittlung\"},\"image\":{\"@id\":\"https:\\\/\\\/gerne-kredit.de\\\/#\\\/schema\\\/logo\\\/image\\\/\"}}]}<\/script>\n<!-- \/ Yoast SEO plugin. -->","yoast_head_json":{"title":"Autokredit","description":"Beantragen Sie Ihren Autokredit. Schnell, sicher, online und vergleichen Sie die Konditionen von verschiedenen Banken f\u00fcr Ihren Kreditwunsch.","robots":{"index":"index","follow":"follow","max-snippet":"max-snippet:-1","max-image-preview":"max-image-preview:large","max-video-preview":"max-video-preview:-1"},"canonical":"https:\/\/gerne-kredit.de\/index.php\/autokredit\/","og_locale":"de_DE","og_type":"article","og_title":"Autokredit","og_description":"Beantragen Sie Ihren Autokredit. Schnell, sicher, online und vergleichen Sie die Konditionen von verschiedenen Banken f\u00fcr Ihren Kreditwunsch.","og_url":"https:\/\/gerne-kredit.de\/index.php\/autokredit\/","og_site_name":"Gerne Kredit","article_modified_time":"2021-06-27T07:18:12+00:00","twitter_card":"summary_large_image","twitter_misc":{"Gesch\u00e4tzte Lesezeit":"1\u00a0Minute"},"schema":{"@context":"https:\/\/schema.org","@graph":[{"@type":"WebPage","@id":"https:\/\/gerne-kredit.de\/index.php\/autokredit\/","url":"https:\/\/gerne-kredit.de\/index.php\/autokredit\/","name":"Autokredit","isPartOf":{"@id":"https:\/\/gerne-kredit.de\/#website"},"datePublished":"2018-11-22T14:56:38+00:00","dateModified":"2021-06-27T07:18:12+00:00","description":"Beantragen Sie Ihren Autokredit. Schnell, sicher, online und vergleichen Sie die Konditionen von verschiedenen Banken f\u00fcr Ihren Kreditwunsch.","breadcrumb":{"@id":"https:\/\/gerne-kredit.de\/index.php\/autokredit\/#breadcrumb"},"inLanguage":"de","potentialAction":[{"@type":"ReadAction","target":["https:\/\/gerne-kredit.de\/index.php\/autokredit\/"]}]},{"@type":"BreadcrumbList","@id":"https:\/\/gerne-kredit.de\/index.php\/autokredit\/#breadcrumb","itemListElement":[{"@type":"ListItem","position":1,"name":"Home","item":"https:\/\/gerne-kredit.de\/"},{"@type":"ListItem","position":2,"name":"Autokredit"}]},{"@type":"WebSite","@id":"https:\/\/gerne-kredit.de\/#website","url":"https:\/\/gerne-kredit.de\/","name":"Gerne Kredit","description":"Phoenix Finanz","publisher":{"@id":"https:\/\/gerne-kredit.de\/#organization"},"potentialAction":[{"@type":"SearchAction","target":{"@type":"EntryPoint","urlTemplate":"https:\/\/gerne-kredit.de\/?s={search_term_string}"},"query-input":{"@type":"PropertyValueSpecification","valueRequired":true,"valueName":"search_term_string"}}],"inLanguage":"de"},{"@type":"Organization","@id":"https:\/\/gerne-kredit.de\/#organization","name":"Phoenix Finanzvermittlung","url":"https:\/\/gerne-kredit.de\/","logo":{"@type":"ImageObject","inLanguage":"de","@id":"https:\/\/gerne-kredit.de\/#\/schema\/logo\/image\/","url":"https:\/\/gerne-kredit.de\/wp-content\/uploads\/2019\/11\/Fotolia_69606118_XS1.jpg","contentUrl":"https:\/\/gerne-kredit.de\/wp-content\/uploads\/2019\/11\/Fotolia_69606118_XS1.jpg","width":95,"height":67,"caption":"Phoenix Finanzvermittlung"},"image":{"@id":"https:\/\/gerne-kredit.de\/#\/schema\/logo\/image\/"}}]}},"jetpack_sharing_enabled":true,"_links":{"self":[{"href":"https:\/\/gerne-kredit.de\/index.php\/wp-json\/wp\/v2\/pages\/13","targetHints":{"allow":["GET"]}}],"collection":[{"href":"https:\/\/gerne-kredit.de\/index.php\/wp-json\/wp\/v2\/pages"}],"about":[{"href":"https:\/\/gerne-kredit.de\/index.php\/wp-json\/wp\/v2\/types\/page"}],"author":[{"embeddable":true,"href":"https:\/\/gerne-kredit.de\/index.php\/wp-json\/wp\/v2\/users\/1"}],"replies":[{"embeddable":true,"href":"https:\/\/gerne-kredit.de\/index.php\/wp-json\/wp\/v2\/comments?post=13"}],"version-history":[{"count":20,"href":"https:\/\/gerne-kredit.de\/index.php\/wp-json\/wp\/v2\/pages\/13\/revisions"}],"predecessor-version":[{"id":211,"href":"https:\/\/gerne-kredit.de\/index.php\/wp-json\/wp\/v2\/pages\/13\/revisions\/211"}],"wp:attachment":[{"href":"https:\/\/gerne-kredit.de\/index.php\/wp-json\/wp\/v2\/media?parent=13"}],"curies":[{"name":"wp","href":"https:\/\/api.w.org\/{rel}","templated":true}]}}