{"id":15,"date":"2018-11-22T15:58:24","date_gmt":"2018-11-22T14:58:24","guid":{"rendered":"https:\/\/gerne-kredit.de\/?page_id=15"},"modified":"2018-11-22T20:12:59","modified_gmt":"2018-11-22T19:12:59","slug":"impressum","status":"publish","type":"page","link":"https:\/\/gerne-kredit.de\/index.php\/impressum\/","title":{"rendered":"Impressum"},"content":{"rendered":"<h1>Impressum<\/h1>\n<p>der Phoenix Finanzvermittlung UG haftungsbeschr\u00e4nkt<\/p>\n<p>Gesch\u00e4ftsf\u00fchrer Sascha Gottwald<\/p>\n<p>Am Feldbrand 19, 44532 L\u00fcnen<\/p>\n<p>Telefon: 023 06-849 6943, Telefax 023 06-912 7639<\/p>\n<p>info@phoenix-finanz.de<\/p>\n<p><strong>Beh\u00f6rde f\u00fcr die Erlaubnis nach \u00a734 c GewO:<\/strong><\/p>\n<p>Kreis Unna<br \/>\nFriedrich-Ebert-Stra\u00dfe 17<br \/>\n59425 Unna<\/p>\n<p><strong>Haftungsausschluss<\/strong><br \/>\nTrotz sorgf\u00e4ltiger inhaltlicher Kontrolle \u00fcbernehmen wir keine Haftung f\u00fcr die Inhalte externer Links. F\u00fcr den Inhalt der verlinkten Seiten sind ausschlie\u00dflich deren Betreiber verantwortlich. Die Inhalte dieser Webseite werden unter Ausschluss jeglicher Gew\u00e4hrleistung zur Verf\u00fcgung gestellt. Der Nutzer wird ausdr\u00fccklich darauf hingewiesen, dass die Webseite Tippfehler sowie falsche, unvollst\u00e4ndige oder veraltete Informationen enthalten kann. Die Nutzung der auf dieser Webseite zur Verf\u00fcgung gestellten Inhalte erfolgt auf alleinige Gefahr des Nutzers. Die Firma Phoenix Finanzvermittlung \u00fcbernimmt insbesondere keine Haftung f\u00fcr die Richtigkeit, Vollst\u00e4ndigkeit oder Brauchbarkeit der auf dieser Webseite zu findenden Informationen f\u00fcr einen bestimmten Zweck. Ausdr\u00fccklich ist die Firma Phoenix Finanzvermittlung nicht verantwortlich, wenn der Nutzer im Vertrauen auf die Fehlerfreiheit und Vollst\u00e4ndigkeit der Inhalte Handlungen vornimmt oder unterl\u00e4sst und ihm infolgedessen Sch\u00e4den entstehen. Falls die Nutzung dieser Webseite bzw. der auf ihr angebotenen Inhalte dazu f\u00fchrt, dass Sie Ihre Ger\u00e4te oder Ihre Daten warten, reparieren, austauschen oder korrigieren m\u00fcssen, \u00fcbernimmt der Anbieter hierf\u00fcr keinerlei Kosten. Der Anbieter kann auch nicht f\u00fcr entgangene Vorteile, Vertr\u00e4ge oder sonstige unmittelbare oder mittelbare Sch\u00e4den, die aus diesen Informationen entstanden sein k\u00f6nnten, haftbar gemacht werden.<\/p>\n<p><strong>Copyright<\/strong><br \/>\nAlle Rechte vorbehalten. Insbesondere d\u00fcrfen Nachdruck, Aufnahme in Online-Dienste und Internet und Vervielf\u00e4ltigung auf Datentr\u00e4ger wie CD-ROM, DVD-ROM etc. nur nach vorheriger schriftlicher Zustimmung erfolgen. Grafiken, Sound, Text, Bilder, Animationen und Videos sowie deren Anordnung auf dieser Webseite unterliegen dem Schutz des Urheberrechts und anderer Schutzgesetze. Der Inhalt der Webseite darf nicht zu kommerziellen Zwecken kopiert, verbreitet, ver\u00e4ndert oder Dritten zug\u00e4nglich gemacht werden. Nicht kommerzielle Berichterstattung in Print und Onlinemedien mit Fotos, Grafiken und sonstigen Daten von dieser Webseite darf nur mit dem Nachweis \u00a9 Procheck24 vervielf\u00e4ltigt oder verbreitet werden.<\/p>\n<p><strong>Allgemeine Datenschutzerkl\u00e4rung<\/strong><br \/>\nDie Privatsph\u00e4re der Webseite-Besucher bleibt gewahrt. Es gilt grunds\u00e4tzlich, dass personenbezogene Daten der Besucher nicht automatisch erhoben werden. Nur Daten die auf freiwilliger Basis zu Verf\u00fcgung gestellt wurden werden genutzt. Diese Daten sind ausschlie\u00dflich der Firma Phoenix Finanzvermittlung und deren Auftraggebern bekannt. Bestimmte nicht personenbezogene Daten (z.B. Typ des verwendeten Web-Browsers, Art des beim Nutzer verwendeten Betriebsystems und Domain-Name seines Internet-Providers) werden im Rahmen von Standardroutinen des Webservers in eine Protokolldatei gespeichert. Diese Daten werden haupts\u00e4chlich f\u00fcr interne Zwecke und nur in zusammengefasster, nicht personenbezogener Form benutzt. Personenbezogene Daten d\u00fcrfen auf der Webseite nur dann erhoben werden, wenn Webseite-Besucher diese Informationen freiwillig geben. Eine Weitergabe an Dritte ist ausgeschlossen.<\/p>\n<p><strong>Datenschutzerkl\u00e4rung f\u00fcr die Nutzung von Google Analytics<\/strong><br \/>\nDiese Website benutzt Google Analytics, einen Webanalysedienst der Google Inc. (\u201cGoogle\u201d). Google Analytics verwendet sog. \u201cCookies\u201d, Textdateien, die auf Ihrem Computer gespeichert werden und die eine Analyse der Benutzung der Website durch Sie erm\u00f6glichen. Die durch den Cookie erzeugten Informationen \u00fcber Ihre Benutzung dieser Website werden in der Regel an einen Server von Google in den USA \u00fcbertragen und dort gespeichert. Im Falle der Aktivierung der IP-Anonymisierung auf dieser Webseite wird Ihre IP-Adresse von Google jedoch innerhalb von Mitgliedstaaten der Europ\u00e4ischen Union oder in anderen Vertragsstaaten des Abkommens \u00fcber den Europ\u00e4ischen Wirtschaftsraum zuvor gek\u00fcrzt. Nur in Ausnahmef\u00e4llen wird die volle IP-Adresse an einen Server von Google in den USA \u00fcbertragen und dort gek\u00fcrzt. Im Auftrag des Betreibers dieser Website wird Google diese Informationen benutzen, um Ihre Nutzung der Website auszuwerten, um Reports \u00fcber die Websiteaktivit\u00e4ten zusammenzustellen und um weitere mit der Websitenutzung und der Internetnutzung verbundene Dienstleistungen gegen\u00fcber dem Websitebetreiber zu erbringen. Die im Rahmen von Google Analytics von Ihrem Browser \u00fcbermittelte IP-Adresse wird nicht mit anderen Daten von Google zusammengef\u00fchrt. Sie k\u00f6nnen die Speicherung der Cookies durch eine entsprechende Einstellung Ihrer Browser-Software verhindern; wir weisen Sie jedoch darauf hin, dass Sie in diesem Fall gegebenenfalls nicht s\u00e4mtliche Funktionen dieser Website vollumf\u00e4nglich werden nutzen k\u00f6nnen. Sie k\u00f6nnen dar\u00fcber hinaus die Erfassung der durch das Cookie erzeugten und auf Ihre Nutzung der Website bezogenen Daten (inkl. Ihrer IP-Adresse) an Google sowie die Verarbeitung dieser Daten durch Google verhindern, indem sie das unter dem folgenden Link verf\u00fcgbare Browser-Plugin herunterladen und installieren: <a class=\"cm_anchor\" href=\"http:\/\/tools.google.com\/dlpage\/gaoptout?hl=de\" target=\"_blank\" rel=\"noopener\">http:\/\/tools.google.com\/dlpage\/gaoptout?hl=de<\/a>.<\/p>\n<p><strong>Facebook Social Plugin<\/strong><br \/>\nAuf unseren Webseiten werden in gesch\u00fctzter Form verschiedene sogenannte Social Plugin des sozialen Netzwerks Facebook (<a class=\"cm_anchor\" href=\"http:\/\/www.facebook.com\/\" target=\"_blank\" rel=\"noopener\">http:\/\/www.facebook.com<\/a> ) verwendet, das von der Facebook Inc., 1601 S. California Ave, Palo Alto, CA 94304, USA betrieben wird (\u201eFacebook\u201c). Diese Social Plugins sind durch das bekannte Facebook-Logo oder einen entsprechenden Zusatz, wie beispielsweise der \u201eGef\u00e4llt mir\u201c- oder \u201eTeilen\u201c-Button von Facebook, erkennbar. Beim Aufrufen einer Webseite, in der ein entsprechendes Social Plugin von Facebook integriert ist, erstellt dieses Plugin eine direkte Verbindung zwischen Ihrem Browser und den Seiten von Facebook her. Der Inhalt des Plugins wird von Facebook direkt an Ihren Browser \u00fcbermittelt und von diesem in die Webseite eingebunden. Da diese \u00dcbertragung direkt verl\u00e4uft, erhalten wir keine Kenntnis vom Inhalt und Umfang der \u00fcbermittelten Daten, noch k\u00f6nnen wir dar\u00fcber personenbezogenen Daten selbst erfassen oder \u00fcber die Nutzung selbst. \u00dcbermittelt wird hierbei auf jeden Fall die Tatsache, dass Sie die entsprechende Seite aufgerufen haben. Weiter ist davon auszugehen, dass diese Plugins dar\u00fcber hinaus ggf. verschiedene andere Informationen wie die IP-Adresse, ger\u00e4tebezogene Informationen etc. an Facebook senden, die dann wiederum von Facebook ausgewertet und genutzt werden k\u00f6nnen. Welche Daten dies sind und in welcher Form und Umfang die Erhebung und Auswertung auf Seiten von Facebook durchgef\u00fchrt wird, haben wir weder Kenntnis dar\u00fcber noch Einfluss darauf. Auch besteht die M\u00f6glichkeit, dass Facebook versucht Cookies auf dem verwendeten Rechner zu speichern. Sofern Sie gleichzeitig in Facebook eingeloggt sind, werden diese Informationen Ihrem Facebook Account zugeordnet und werden somit von Facebook mit Ihrer Person in Verbindung gebracht. Gleiches gilt, wenn Sie mit den Plugins interagieren, zum Beispiel auf den Button klicken und\/oder Kommentare abgeben. Dann wird die entsprechende Information von Ihrem Browser direkt an Facebook \u00fcbermittelt und dort gespeichert. Wenn Sie nicht m\u00f6chten, dass Facebook \u00fcber unseren Internetauftritt Daten \u00fcber Sie sammelt, empfehlen wir Ihnen vor Besuch der betreffenden Webseite sich bei Facebook auszuloggen und\/oder den Facebook Button nur dann anzuklicken, wenn Sie nicht bei Facebook angemeldet sind. \u00dcber den Zweck und Umfang der Datenerhebung und die weitere Verarbeitung, Speicherung und Nutzung Ihrer personenbezogenen Daten durch die Firma Facebook Inc. entnehmen Sie bitte den Datenschutzhinweisen von Facebook: https:\/\/www.facebook.com\/help\/?faq=186325668085084 &#8211; M\u00f6glichkeiten zum Schutz Ihrer Privatsph\u00e4re innerhalb von Facebook finden Sie unter: <a class=\"cm_anchor\" href=\"http:\/\/www.facebook.com\/policy.php\" target=\"_blank\" rel=\"noopener\">http:\/\/www.facebook.com\/policy.php<\/a>.<\/p>\n<p><strong>Google+ Social Plugin<\/strong><br \/>\nAuf unseren Webseiten wird in gesch\u00fctzter Form das sogenannte Social Plugin des sozialen Netzwerks Google+ (<a class=\"cm_anchor\" href=\"https:\/\/plus.google.com\/\" target=\"_blank\" rel=\"noopener\">https:\/\/plus.google.com<\/a> ) verwendet, das von Google Inc., 1600 Amphitheatre Parkway, Mountain View, CA 94043, USA betrieben wird (\u201eGoogle\u201c). Das Social Plugin ist durch das bekannte Google \u201e+1\u201c Logo\/Zeichen auf wei\u00dfem oder farbigen Hintergrund erkennbar. Beim Aufrufen einer Webseite, in der ein entsprechendes Social Plugin von Google integriert ist, erstellt dieses Plugin eine direkte Verbindung zwischen Ihrem Browser und den Seiten von Google her. Der Inhalt des Plugins wird von Google direkt an Ihren Browser \u00fcbermittelt und von diesem in die Webseite eingebunden. Da diese \u00dcbertragung direkt verl\u00e4uft, erhalten wir keine Kenntnis vom Inhalt und Umfang der \u00fcbermittelten Daten, noch k\u00f6nnen wir dar\u00fcber personenbezogenen Daten selbst erfassen oder \u00fcber die Nutzung selbst. \u00dcbermittelt wird hierbei auf jeden Fall die Tatsache, dass Sie die entsprechende Seite aufgerufen haben. Weiter ist davon auszugehen, dass diese Plugins dar\u00fcber hinaus ggf. verschiedene andere Informationen wie die IP-Adresse, ger\u00e4tebezogene Informationen etc. an Google senden, die dann wiederum von Google ausgewertet und genutzt werden k\u00f6nnen. Welche Daten dies sind und in welcher Form und Umfang die Erhebung und Auswertung auf Seiten von Google durchgef\u00fchrt wird, haben wir weder Einfluss noch Kenntnis dar\u00fcber. Auch besteht die M\u00f6glichkeit, dass Google versucht Cookies auf dem verwendeten Rechner zu speichern. Sofern Sie gleichzeitig in Google eingeloggt sind, werden diese Informationen Ihrem Google+ Account zugeordnet und werden somit von Google mit Ihrer Person in Verbindung gebracht. Gleiches gilt, wenn Sie mit dem Plugin interagieren, zum Beispiel auf den Button klicken und\/oder Kommentare abgeben. Dann wird die entsprechende Information von Ihrem Browser direkt an Google \u00fcbermittelt und dort gespeichert. Wenn Sie nicht m\u00f6chten, dass Google \u00fcber unseren Internetauftritt Daten \u00fcber Sie sammelt, empfehlen wir Ihnen vor Besuch der betreffenden Webseite sich bei Google+ auszuloggen und\/oder den Google+1 Button nur dann anzuklicken, wenn Sie nicht bei Google+ angemeldet sind. \u00dcber den Zweck und Umfang der Datenerhebung und die weitere Verarbeitung, Speicherung und Nutzung Ihrer personenbezogenen Daten durch die Firma Google Inc. entnehmen Sie bitte den Datenschutzhinweisen von Google: https:\/\/www.google.com\/intl\/de\/policies\/privacy\/ &#8211; M\u00f6glichkeiten zum Schutz Ihrer Privatsph\u00e4re innerhalb von Google+ finden Sie unter: <a class=\"cm_anchor\" href=\"https:\/\/www.google.com\/dashboard\/?hl=de\" target=\"_blank\" rel=\"noopener\">https:\/\/www.google.com\/dashboard\/?hl=de<\/a>.<\/p>\n<p><strong>Twitter Social Plugin<\/strong><br \/>\nAuf unseren Webseiten wird in gesch\u00fctzter Form das sogenannte Social Plugin des sozialen Netzwerks Twitter (<a class=\"cm_anchor\" href=\"https:\/\/www.twitter.com\/\" target=\"_blank\" rel=\"noopener\">https:\/\/www.twitter.com<\/a> ) verwendet, das von Twitter Inc., 795 Folsom St., Suite 600, San Francisco, CA 94107, USA betrieben wird (\u201eTwitter\u201c). Dieses Social Plugin ist durch das bekannte Logo\/Zeichen eines blauen Vogel oder einer Logos mit der Aufschrift \u201eTweet\u201c erkennbar. Beim Aufrufen einer Webseite, in der ein entsprechendes Social Plugin von Twitter integriert ist, erstellt dieses Plugin eine direkte Verbindung zwischen Ihrem Browser und den Seiten von Twitter her. Der Inhalt des Plugins wird von Twitter direkt an Ihren Browser \u00fcbermittelt und von diesem in die Webseite eingebunden. Da diese \u00dcbertragung direkt verl\u00e4uft, erhalten wir keine Kenntnis vom Inhalt und Umfang der \u00fcbermittelten Daten, noch k\u00f6nnen wir dar\u00fcber personenbezogenen Daten selbst erfassen oder \u00fcber die Nutzung selbst. \u00dcbermittelt wird hierbei auf jeden Fall die Tatsache, dass Sie die entsprechende Seite aufgerufen haben. Weiter ist davon auszugehen, dass diese Plugins dar\u00fcber hinaus ggf. verschiedene andere Informationen wie die IP-Adresse, ger\u00e4tebezogene Informationen etc. an Twitter senden, die dann wiederum von Twitter ausgewertet und genutzt werden k\u00f6nnen. Welche Daten dies sind und in welcher Form und Umfang die Erhebung und Auswertung auf Seiten von Twitter durchgef\u00fchrt wird, haben wir weder Einfluss noch Kenntnis dar\u00fcber. Auch besteht die M\u00f6glichkeit, dass Twitter versucht Cookies auf dem verwendeten Rechner zu speichern. \u00dcber den Zweck und Umfang der Datenerhebung und die weitere Verarbeitung, Speicherung und Nutzung Ihrer personenbezogenen Daten durch die Firma Twitter Inc. entnehmen Sie bitte den Datenschutzhinweisen von Twitter: <a class=\"cm_anchor\" href=\"https:\/\/twitter.com\/privacy\" target=\"_blank\" rel=\"noopener\">https:\/\/twitter.com\/privacy<\/a> M\u00f6glichkeiten zum Schutz Ihrer Privatsph\u00e4re innerhalb von Twitter finden Sie unter: <a class=\"cm_anchor\" href=\"https:\/\/twitter.com\/settings\/security\" target=\"_blank\" rel=\"noopener\">https:\/\/twitter.com\/settings\/security<\/a><\/p>\n<p><strong>Xing Social Plugin<\/strong><br \/>\nWir m\u00f6chten Sie gerne hier \u00fcber die Verarbeitung von personenbezogenen Daten \u00fcber die Funktion des XING Share-Buttons informieren. Auf dieser Internetseite wird der \u201eXING Share-Button\u201c eingesetzt. Beim Aufruf dieser Internetseite wird \u00fcber Ihren Browser kurzfristig eine Verbindung zu Servern der XING AG (\u201eXING\u201c) aufgebaut, mit denen die \u201eXING Share-Button\u201c-Funktionen (insbesondere die Berechnung\/Anzeige des Z\u00e4hlerwerts) erbracht werden. XING speichert keine personenbezogenen Daten von Ihnen \u00fcber den Aufruf dieser Internetseite. XING speichert insbesondere keine IP-Adressen. Es findet auch keine Auswertung Ihres Nutzungsverhaltens \u00fcber die Verwendung von Cookies im Zusammenhang mit dem \u201eXING Share-Button\u201c statt. Die jeweils aktuellen Datenschutzinformationen zum \u201eXING Share-Button\u201c und erg\u00e4nzende Informationen k\u00f6nnen Sie auf dieser Internetseite abrufen: <a class=\"cm_anchor\" href=\"https:\/\/dev.xing.com\/plugins\/share_button\/privacy_policy\" target=\"_blank\" rel=\"noopener\">https:\/\/dev.xing.com\/plugins\/share_button\/privacy_policy<\/a><\/p>\n<p><strong>Recht auf Widerruf<\/strong><br \/>\nWenn Sie uns personenbezogene Daten \u00fcberlassen haben, k\u00f6nnen Sie diese jederzeit wieder l\u00f6schen. Daten f\u00fcr Abrechnungs- und buchhalterische Zwecke sind von einer K\u00fcndigung beziehungsweise von einer L\u00f6schung nicht ber\u00fchrt.<\/p>\n<p><strong>Kinder<\/strong><br \/>\nPersonen unter 18 Jahren sollten ohne Zustimmung der Eltern oder Erziehungsberechtigten keine personenbezogenen Daten an uns \u00fcbermitteln. Die Firma Phoenix Finanzvermittlung beh\u00e4lt sich das Recht vor, jederzeit diese Richtlinien unter Beachtung der datenschutzrechtlichen Vorgaben zu \u00e4ndern.<\/p>\n<p><strong>Externe Links<\/strong><br \/>\nDiese Webseite enth\u00e4lt Links zu anderen Webseiten oder deren Inhalte, die in die Website eingebunden sind. Die Firma Phoenix Finanzvermittlung ist nicht verantwortlich f\u00fcr die Datenschutzregelungen, -durchsetzungen und Inhalte dieser Webseiten.<\/p>\n<p><strong>Anerkennung dieser Datenschutzerkl\u00e4rung<\/strong><br \/>\nDurch Besuch dieser Webseite erkl\u00e4ren Sie Ihre Zustimmung zu dieser Datenschutzerkl\u00e4rung. Wenn Sie sich mit dieser Datenschutzerkl\u00e4rung nicht einverstanden erkl\u00e4ren, bitten wir Sie, diese Webseite nicht (weiter) zu besuchen. Die Firma Phoenix Finanzvermittlung beh\u00e4lt sich das Recht vor, nach eigenem Ermessen und jederzeit \u00c4nderungen an Teilen dieser Datenschutzerkl\u00e4rung vorzunehmen, d.h. Passagen zu erg\u00e4nzen, zu \u00e4ndern oder zu streichen. Bitte pr\u00fcfen Sie diese Seite regelm\u00e4\u00dfig auf \u00c4nderungen. Wenn Sie diese Webseite auch nach erfolgten \u00c4nderungen weiter besuchen, erkl\u00e4ren Sie sich auf diesem Wege mit diesen \u00c4nderungen einverstanden.<\/p>\n","protected":false},"excerpt":{"rendered":"<p>Impressum der Phoenix Finanzvermittlung UG haftungsbeschr\u00e4nkt Gesch\u00e4ftsf\u00fchrer Sascha Gottwald Am Feldbrand 19, 44532 L\u00fcnen Telefon: 023 06-849 6943, Telefax 023 06-912 7639 info@phoenix-finanz.de Beh\u00f6rde f\u00fcr die Erlaubnis nach \u00a734 c GewO: Kreis Unna Friedrich-Ebert-Stra\u00dfe 17 59425 Unna Haftungsausschluss Trotz sorgf\u00e4ltiger inhaltlicher Kontrolle \u00fcbernehmen wir keine Haftung f\u00fcr die Inhalte externer Links. F\u00fcr den Inhalt der [&hellip;]<\/p>\n","protected":false},"author":1,"featured_media":0,"parent":0,"menu_order":0,"comment_status":"closed","ping_status":"closed","template":"","meta":{"footnotes":""},"class_list":["post-15","page","type-page","status-publish","hentry"],"yoast_head":"<!-- This site is optimized with the Yoast SEO plugin v27.3 - https:\/\/yoast.com\/product\/yoast-seo-wordpress\/ -->\n<title>Impressum<\/title>\n<meta name=\"robots\" content=\"index, follow, max-snippet:-1, max-image-preview:large, max-video-preview:-1\" \/>\n<link rel=\"canonical\" href=\"https:\/\/gerne-kredit.de\/index.php\/impressum\/\" \/>\n<meta property=\"og:locale\" content=\"de_DE\" \/>\n<meta property=\"og:type\" content=\"article\" \/>\n<meta property=\"og:title\" content=\"Impressum\" \/>\n<meta property=\"og:description\" content=\"Impressum der Phoenix Finanzvermittlung UG haftungsbeschr\u00e4nkt Gesch\u00e4ftsf\u00fchrer Sascha Gottwald Am Feldbrand 19, 44532 L\u00fcnen Telefon: 023 06-849 6943, Telefax 023 06-912 7639 info@phoenix-finanz.de Beh\u00f6rde f\u00fcr die Erlaubnis nach \u00a734 c GewO: Kreis Unna Friedrich-Ebert-Stra\u00dfe 17 59425 Unna Haftungsausschluss Trotz sorgf\u00e4ltiger inhaltlicher Kontrolle \u00fcbernehmen wir keine Haftung f\u00fcr die Inhalte externer Links. F\u00fcr den Inhalt der [&hellip;]\" \/>\n<meta property=\"og:url\" content=\"https:\/\/gerne-kredit.de\/index.php\/impressum\/\" \/>\n<meta property=\"og:site_name\" content=\"Gerne Kredit\" \/>\n<meta property=\"article:modified_time\" content=\"2018-11-22T19:12:59+00:00\" \/>\n<meta name=\"twitter:card\" content=\"summary_large_image\" \/>\n<meta name=\"twitter:label1\" content=\"Gesch\u00e4tzte Lesezeit\" \/>\n\t<meta name=\"twitter:data1\" content=\"11\u00a0Minuten\" \/>\n<script type=\"application\/ld+json\" class=\"yoast-schema-graph\">{\"@context\":\"https:\\\/\\\/schema.org\",\"@graph\":[{\"@type\":\"WebPage\",\"@id\":\"https:\\\/\\\/gerne-kredit.de\\\/index.php\\\/impressum\\\/\",\"url\":\"https:\\\/\\\/gerne-kredit.de\\\/index.php\\\/impressum\\\/\",\"name\":\"Impressum\",\"isPartOf\":{\"@id\":\"https:\\\/\\\/gerne-kredit.de\\\/#website\"},\"datePublished\":\"2018-11-22T14:58:24+00:00\",\"dateModified\":\"2018-11-22T19:12:59+00:00\",\"breadcrumb\":{\"@id\":\"https:\\\/\\\/gerne-kredit.de\\\/index.php\\\/impressum\\\/#breadcrumb\"},\"inLanguage\":\"de\",\"potentialAction\":[{\"@type\":\"ReadAction\",\"target\":[\"https:\\\/\\\/gerne-kredit.de\\\/index.php\\\/impressum\\\/\"]}]},{\"@type\":\"BreadcrumbList\",\"@id\":\"https:\\\/\\\/gerne-kredit.de\\\/index.php\\\/impressum\\\/#breadcrumb\",\"itemListElement\":[{\"@type\":\"ListItem\",\"position\":1,\"name\":\"Home\",\"item\":\"https:\\\/\\\/gerne-kredit.de\\\/\"},{\"@type\":\"ListItem\",\"position\":2,\"name\":\"Impressum\"}]},{\"@type\":\"WebSite\",\"@id\":\"https:\\\/\\\/gerne-kredit.de\\\/#website\",\"url\":\"https:\\\/\\\/gerne-kredit.de\\\/\",\"name\":\"Gerne Kredit\",\"description\":\"Phoenix Finanz\",\"publisher\":{\"@id\":\"https:\\\/\\\/gerne-kredit.de\\\/#organization\"},\"potentialAction\":[{\"@type\":\"SearchAction\",\"target\":{\"@type\":\"EntryPoint\",\"urlTemplate\":\"https:\\\/\\\/gerne-kredit.de\\\/?s={search_term_string}\"},\"query-input\":{\"@type\":\"PropertyValueSpecification\",\"valueRequired\":true,\"valueName\":\"search_term_string\"}}],\"inLanguage\":\"de\"},{\"@type\":\"Organization\",\"@id\":\"https:\\\/\\\/gerne-kredit.de\\\/#organization\",\"name\":\"Phoenix Finanzvermittlung\",\"url\":\"https:\\\/\\\/gerne-kredit.de\\\/\",\"logo\":{\"@type\":\"ImageObject\",\"inLanguage\":\"de\",\"@id\":\"https:\\\/\\\/gerne-kredit.de\\\/#\\\/schema\\\/logo\\\/image\\\/\",\"url\":\"https:\\\/\\\/gerne-kredit.de\\\/wp-content\\\/uploads\\\/2019\\\/11\\\/Fotolia_69606118_XS1.jpg\",\"contentUrl\":\"https:\\\/\\\/gerne-kredit.de\\\/wp-content\\\/uploads\\\/2019\\\/11\\\/Fotolia_69606118_XS1.jpg\",\"width\":95,\"height\":67,\"caption\":\"Phoenix Finanzvermittlung\"},\"image\":{\"@id\":\"https:\\\/\\\/gerne-kredit.de\\\/#\\\/schema\\\/logo\\\/image\\\/\"}}]}<\/script>\n<!-- \/ Yoast SEO plugin. -->","yoast_head_json":{"title":"Impressum","robots":{"index":"index","follow":"follow","max-snippet":"max-snippet:-1","max-image-preview":"max-image-preview:large","max-video-preview":"max-video-preview:-1"},"canonical":"https:\/\/gerne-kredit.de\/index.php\/impressum\/","og_locale":"de_DE","og_type":"article","og_title":"Impressum","og_description":"Impressum der Phoenix Finanzvermittlung UG haftungsbeschr\u00e4nkt Gesch\u00e4ftsf\u00fchrer Sascha Gottwald Am Feldbrand 19, 44532 L\u00fcnen Telefon: 023 06-849 6943, Telefax 023 06-912 7639 info@phoenix-finanz.de Beh\u00f6rde f\u00fcr die Erlaubnis nach \u00a734 c GewO: Kreis Unna Friedrich-Ebert-Stra\u00dfe 17 59425 Unna Haftungsausschluss Trotz sorgf\u00e4ltiger inhaltlicher Kontrolle \u00fcbernehmen wir keine Haftung f\u00fcr die Inhalte externer Links. F\u00fcr den Inhalt der [&hellip;]","og_url":"https:\/\/gerne-kredit.de\/index.php\/impressum\/","og_site_name":"Gerne Kredit","article_modified_time":"2018-11-22T19:12:59+00:00","twitter_card":"summary_large_image","twitter_misc":{"Gesch\u00e4tzte Lesezeit":"11\u00a0Minuten"},"schema":{"@context":"https:\/\/schema.org","@graph":[{"@type":"WebPage","@id":"https:\/\/gerne-kredit.de\/index.php\/impressum\/","url":"https:\/\/gerne-kredit.de\/index.php\/impressum\/","name":"Impressum","isPartOf":{"@id":"https:\/\/gerne-kredit.de\/#website"},"datePublished":"2018-11-22T14:58:24+00:00","dateModified":"2018-11-22T19:12:59+00:00","breadcrumb":{"@id":"https:\/\/gerne-kredit.de\/index.php\/impressum\/#breadcrumb"},"inLanguage":"de","potentialAction":[{"@type":"ReadAction","target":["https:\/\/gerne-kredit.de\/index.php\/impressum\/"]}]},{"@type":"BreadcrumbList","@id":"https:\/\/gerne-kredit.de\/index.php\/impressum\/#breadcrumb","itemListElement":[{"@type":"ListItem","position":1,"name":"Home","item":"https:\/\/gerne-kredit.de\/"},{"@type":"ListItem","position":2,"name":"Impressum"}]},{"@type":"WebSite","@id":"https:\/\/gerne-kredit.de\/#website","url":"https:\/\/gerne-kredit.de\/","name":"Gerne Kredit","description":"Phoenix Finanz","publisher":{"@id":"https:\/\/gerne-kredit.de\/#organization"},"potentialAction":[{"@type":"SearchAction","target":{"@type":"EntryPoint","urlTemplate":"https:\/\/gerne-kredit.de\/?s={search_term_string}"},"query-input":{"@type":"PropertyValueSpecification","valueRequired":true,"valueName":"search_term_string"}}],"inLanguage":"de"},{"@type":"Organization","@id":"https:\/\/gerne-kredit.de\/#organization","name":"Phoenix Finanzvermittlung","url":"https:\/\/gerne-kredit.de\/","logo":{"@type":"ImageObject","inLanguage":"de","@id":"https:\/\/gerne-kredit.de\/#\/schema\/logo\/image\/","url":"https:\/\/gerne-kredit.de\/wp-content\/uploads\/2019\/11\/Fotolia_69606118_XS1.jpg","contentUrl":"https:\/\/gerne-kredit.de\/wp-content\/uploads\/2019\/11\/Fotolia_69606118_XS1.jpg","width":95,"height":67,"caption":"Phoenix Finanzvermittlung"},"image":{"@id":"https:\/\/gerne-kredit.de\/#\/schema\/logo\/image\/"}}]}},"jetpack_sharing_enabled":true,"_links":{"self":[{"href":"https:\/\/gerne-kredit.de\/index.php\/wp-json\/wp\/v2\/pages\/15","targetHints":{"allow":["GET"]}}],"collection":[{"href":"https:\/\/gerne-kredit.de\/index.php\/wp-json\/wp\/v2\/pages"}],"about":[{"href":"https:\/\/gerne-kredit.de\/index.php\/wp-json\/wp\/v2\/types\/page"}],"author":[{"embeddable":true,"href":"https:\/\/gerne-kredit.de\/index.php\/wp-json\/wp\/v2\/users\/1"}],"replies":[{"embeddable":true,"href":"https:\/\/gerne-kredit.de\/index.php\/wp-json\/wp\/v2\/comments?post=15"}],"version-history":[{"count":6,"href":"https:\/\/gerne-kredit.de\/index.php\/wp-json\/wp\/v2\/pages\/15\/revisions"}],"predecessor-version":[{"id":89,"href":"https:\/\/gerne-kredit.de\/index.php\/wp-json\/wp\/v2\/pages\/15\/revisions\/89"}],"wp:attachment":[{"href":"https:\/\/gerne-kredit.de\/index.php\/wp-json\/wp\/v2\/media?parent=15"}],"curies":[{"name":"wp","href":"https:\/\/api.w.org\/{rel}","templated":true}]}}