{"id":48,"date":"2018-11-22T16:17:34","date_gmt":"2018-11-22T15:17:34","guid":{"rendered":"https:\/\/gerne-kredit.de\/?page_id=48"},"modified":"2019-11-14T17:45:33","modified_gmt":"2019-11-14T16:45:33","slug":"beamtenkredit","status":"publish","type":"page","link":"https:\/\/gerne-kredit.de\/index.php\/beamtenkredit\/","title":{"rendered":"Beamtenkredit"},"content":{"rendered":"<h1>Beamtenkredit<\/h1>\n<p><strong>Sie sind Beamter oder\u00a0 im \u00f6ffentlichen Dienst t\u00e4tig und m\u00f6chten einen &#8222;Beamtenkredit&#8220; beantragen? Dann sind Sie bei <em>gerne Kredit<\/em> richtig!<\/strong><\/p>\n<p><strong>Beamte und Angestellte im \u00f6ffentlichen Dienst sind bei allen Banken gern gesehene Kunden. Sie sind praktisch nicht nur unk\u00fcndbar, sondern sie verf\u00fcgen auch \u00fcber ein sicheres Einkommen. Entsprechend zinsg\u00fcnstig sind daher Beamtenkredite, die fast jedem Kreditinstitut erh\u00e4ltlich sind. <\/strong><\/p>\n<p><strong>Daher haben Beamte bei den Zinsen gegen\u00fcber Angestellten und Selbstst\u00e4ndigen einen Vorteil. Denn die Kosten f\u00fcr den Beamtenkredit h\u00e4ngen nicht nur von der Laufzeit und der Kreditsumme ab. Banken legen die\u00a0Zinsh\u00f6he abh\u00e4ngig von ihrer Risikobeurteilung fest. Je geringer die Wahrscheinlichkeit, dass der Schuldner den Kredit nicht zur\u00fcckzahlt, umso besser der Zinssatz. Bestehen gute Aussichten, dass alles glatt verl\u00e4uft, hat der Kunde\/Kundin eine gute Bonit\u00e4t. Das Einkommen und die Besch\u00e4ftigungssituation spielen eine wichtige Rolle dabei, wie die Banken die Bonit\u00e4t einsch\u00e4tzen.<\/strong><\/p>\n<p><strong>Bei Beamten ist die Einkommensh\u00f6he gesetzlich unter anderem \u00fcber Besoldungsgruppen und die Dienstaltersstufe geregelt. Auch die Versorgung bei Krankheit und im Ruhestand ist festgelegt. Da die Einkommenssituation bei Beamten so sicherer und planbarer ist als bei einem Angestellten und sie auch nicht gek\u00fcndigt werden k\u00f6nnen, besteht f\u00fcr Banken ein geringeres Risiko, dass Beamte den Kredit nicht zur\u00fcckzahlen. Das heisst f\u00fcr Beamte, dass sie von vielen Banken g\u00fcnstigere Kredite bekommen als andere Berufsgruppen wie Arbeiter oder Angestellte.<br \/>\n<\/strong><\/p>\n<p>&nbsp;<\/p>\n<h2 style=\"text-align: center;\"><a href=\"https:\/\/gerne-kredit.de\/index.php\/kreditbeantragung\/\"><strong>Zur Beantragung Ihres Beamtenkredit<\/strong><\/a><\/h2>\n<p>&nbsp;<\/p>\n<p><strong>Bei Fragen stehen wir Ihnen gerne zu unseren B\u00fcrozeiten telefonisch unter\u00a0 02306-8496943 zur Verf\u00fcgung.<\/strong><\/p>\n<p>&nbsp;<\/p>\n<p>&nbsp;<\/p>\n<p>&nbsp;<\/p>\n<p>&nbsp;<\/p>\n","protected":false},"excerpt":{"rendered":"<p>Beamtenkredit Sie sind Beamter oder\u00a0 im \u00f6ffentlichen Dienst t\u00e4tig und m\u00f6chten einen &#8222;Beamtenkredit&#8220; beantragen? Dann sind Sie bei gerne Kredit richtig! Beamte und Angestellte im \u00f6ffentlichen Dienst sind bei allen Banken gern gesehene Kunden. Sie sind praktisch nicht nur unk\u00fcndbar, sondern sie verf\u00fcgen auch \u00fcber ein sicheres Einkommen. Entsprechend zinsg\u00fcnstig sind daher Beamtenkredite, die fast [&hellip;]<\/p>\n","protected":false},"author":1,"featured_media":0,"parent":0,"menu_order":0,"comment_status":"closed","ping_status":"closed","template":"","meta":{"footnotes":""},"class_list":["post-48","page","type-page","status-publish","hentry"],"yoast_head":"<!-- This site is optimized with the Yoast SEO plugin v27.3 - https:\/\/yoast.com\/product\/yoast-seo-wordpress\/ -->\n<title>Beamtenkredit<\/title>\n<meta name=\"description\" content=\"Beamte und Angestellte im \u00f6ffentlichen Dienst haben bei der Kreditsuche einen Vorteil. Denn f\u00fcr einen Beamtenkredit verlangen Banken oft niedrigere Zinsen.\" \/>\n<meta name=\"robots\" content=\"index, follow, max-snippet:-1, max-image-preview:large, max-video-preview:-1\" \/>\n<link rel=\"canonical\" href=\"https:\/\/gerne-kredit.de\/index.php\/beamtenkredit\/\" \/>\n<meta property=\"og:locale\" content=\"de_DE\" \/>\n<meta property=\"og:type\" content=\"article\" \/>\n<meta property=\"og:title\" content=\"Beamtenkredit\" \/>\n<meta property=\"og:description\" content=\"Beamte und Angestellte im \u00f6ffentlichen Dienst haben bei der Kreditsuche einen Vorteil. Denn f\u00fcr einen Beamtenkredit verlangen Banken oft niedrigere Zinsen.\" \/>\n<meta property=\"og:url\" content=\"https:\/\/gerne-kredit.de\/index.php\/beamtenkredit\/\" \/>\n<meta property=\"og:site_name\" content=\"Gerne Kredit\" \/>\n<meta property=\"article:modified_time\" content=\"2019-11-14T16:45:33+00:00\" \/>\n<meta name=\"twitter:card\" content=\"summary_large_image\" \/>\n<meta name=\"twitter:label1\" content=\"Gesch\u00e4tzte Lesezeit\" \/>\n\t<meta name=\"twitter:data1\" content=\"1\u00a0Minute\" \/>\n<script type=\"application\/ld+json\" class=\"yoast-schema-graph\">{\"@context\":\"https:\\\/\\\/schema.org\",\"@graph\":[{\"@type\":\"WebPage\",\"@id\":\"https:\\\/\\\/gerne-kredit.de\\\/index.php\\\/beamtenkredit\\\/\",\"url\":\"https:\\\/\\\/gerne-kredit.de\\\/index.php\\\/beamtenkredit\\\/\",\"name\":\"Beamtenkredit\",\"isPartOf\":{\"@id\":\"https:\\\/\\\/gerne-kredit.de\\\/#website\"},\"datePublished\":\"2018-11-22T15:17:34+00:00\",\"dateModified\":\"2019-11-14T16:45:33+00:00\",\"description\":\"Beamte und Angestellte im \u00f6ffentlichen Dienst haben bei der Kreditsuche einen Vorteil. Denn f\u00fcr einen Beamtenkredit verlangen Banken oft niedrigere Zinsen.\",\"breadcrumb\":{\"@id\":\"https:\\\/\\\/gerne-kredit.de\\\/index.php\\\/beamtenkredit\\\/#breadcrumb\"},\"inLanguage\":\"de\",\"potentialAction\":[{\"@type\":\"ReadAction\",\"target\":[\"https:\\\/\\\/gerne-kredit.de\\\/index.php\\\/beamtenkredit\\\/\"]}]},{\"@type\":\"BreadcrumbList\",\"@id\":\"https:\\\/\\\/gerne-kredit.de\\\/index.php\\\/beamtenkredit\\\/#breadcrumb\",\"itemListElement\":[{\"@type\":\"ListItem\",\"position\":1,\"name\":\"Home\",\"item\":\"https:\\\/\\\/gerne-kredit.de\\\/\"},{\"@type\":\"ListItem\",\"position\":2,\"name\":\"Beamtenkredit\"}]},{\"@type\":\"WebSite\",\"@id\":\"https:\\\/\\\/gerne-kredit.de\\\/#website\",\"url\":\"https:\\\/\\\/gerne-kredit.de\\\/\",\"name\":\"Gerne Kredit\",\"description\":\"Phoenix Finanz\",\"publisher\":{\"@id\":\"https:\\\/\\\/gerne-kredit.de\\\/#organization\"},\"potentialAction\":[{\"@type\":\"SearchAction\",\"target\":{\"@type\":\"EntryPoint\",\"urlTemplate\":\"https:\\\/\\\/gerne-kredit.de\\\/?s={search_term_string}\"},\"query-input\":{\"@type\":\"PropertyValueSpecification\",\"valueRequired\":true,\"valueName\":\"search_term_string\"}}],\"inLanguage\":\"de\"},{\"@type\":\"Organization\",\"@id\":\"https:\\\/\\\/gerne-kredit.de\\\/#organization\",\"name\":\"Phoenix Finanzvermittlung\",\"url\":\"https:\\\/\\\/gerne-kredit.de\\\/\",\"logo\":{\"@type\":\"ImageObject\",\"inLanguage\":\"de\",\"@id\":\"https:\\\/\\\/gerne-kredit.de\\\/#\\\/schema\\\/logo\\\/image\\\/\",\"url\":\"https:\\\/\\\/gerne-kredit.de\\\/wp-content\\\/uploads\\\/2019\\\/11\\\/Fotolia_69606118_XS1.jpg\",\"contentUrl\":\"https:\\\/\\\/gerne-kredit.de\\\/wp-content\\\/uploads\\\/2019\\\/11\\\/Fotolia_69606118_XS1.jpg\",\"width\":95,\"height\":67,\"caption\":\"Phoenix Finanzvermittlung\"},\"image\":{\"@id\":\"https:\\\/\\\/gerne-kredit.de\\\/#\\\/schema\\\/logo\\\/image\\\/\"}}]}<\/script>\n<!-- \/ Yoast SEO plugin. -->","yoast_head_json":{"title":"Beamtenkredit","description":"Beamte und Angestellte im \u00f6ffentlichen Dienst haben bei der Kreditsuche einen Vorteil. Denn f\u00fcr einen Beamtenkredit verlangen Banken oft niedrigere Zinsen.","robots":{"index":"index","follow":"follow","max-snippet":"max-snippet:-1","max-image-preview":"max-image-preview:large","max-video-preview":"max-video-preview:-1"},"canonical":"https:\/\/gerne-kredit.de\/index.php\/beamtenkredit\/","og_locale":"de_DE","og_type":"article","og_title":"Beamtenkredit","og_description":"Beamte und Angestellte im \u00f6ffentlichen Dienst haben bei der Kreditsuche einen Vorteil. Denn f\u00fcr einen Beamtenkredit verlangen Banken oft niedrigere Zinsen.","og_url":"https:\/\/gerne-kredit.de\/index.php\/beamtenkredit\/","og_site_name":"Gerne Kredit","article_modified_time":"2019-11-14T16:45:33+00:00","twitter_card":"summary_large_image","twitter_misc":{"Gesch\u00e4tzte Lesezeit":"1\u00a0Minute"},"schema":{"@context":"https:\/\/schema.org","@graph":[{"@type":"WebPage","@id":"https:\/\/gerne-kredit.de\/index.php\/beamtenkredit\/","url":"https:\/\/gerne-kredit.de\/index.php\/beamtenkredit\/","name":"Beamtenkredit","isPartOf":{"@id":"https:\/\/gerne-kredit.de\/#website"},"datePublished":"2018-11-22T15:17:34+00:00","dateModified":"2019-11-14T16:45:33+00:00","description":"Beamte und Angestellte im \u00f6ffentlichen Dienst haben bei der Kreditsuche einen Vorteil. Denn f\u00fcr einen Beamtenkredit verlangen Banken oft niedrigere Zinsen.","breadcrumb":{"@id":"https:\/\/gerne-kredit.de\/index.php\/beamtenkredit\/#breadcrumb"},"inLanguage":"de","potentialAction":[{"@type":"ReadAction","target":["https:\/\/gerne-kredit.de\/index.php\/beamtenkredit\/"]}]},{"@type":"BreadcrumbList","@id":"https:\/\/gerne-kredit.de\/index.php\/beamtenkredit\/#breadcrumb","itemListElement":[{"@type":"ListItem","position":1,"name":"Home","item":"https:\/\/gerne-kredit.de\/"},{"@type":"ListItem","position":2,"name":"Beamtenkredit"}]},{"@type":"WebSite","@id":"https:\/\/gerne-kredit.de\/#website","url":"https:\/\/gerne-kredit.de\/","name":"Gerne Kredit","description":"Phoenix Finanz","publisher":{"@id":"https:\/\/gerne-kredit.de\/#organization"},"potentialAction":[{"@type":"SearchAction","target":{"@type":"EntryPoint","urlTemplate":"https:\/\/gerne-kredit.de\/?s={search_term_string}"},"query-input":{"@type":"PropertyValueSpecification","valueRequired":true,"valueName":"search_term_string"}}],"inLanguage":"de"},{"@type":"Organization","@id":"https:\/\/gerne-kredit.de\/#organization","name":"Phoenix Finanzvermittlung","url":"https:\/\/gerne-kredit.de\/","logo":{"@type":"ImageObject","inLanguage":"de","@id":"https:\/\/gerne-kredit.de\/#\/schema\/logo\/image\/","url":"https:\/\/gerne-kredit.de\/wp-content\/uploads\/2019\/11\/Fotolia_69606118_XS1.jpg","contentUrl":"https:\/\/gerne-kredit.de\/wp-content\/uploads\/2019\/11\/Fotolia_69606118_XS1.jpg","width":95,"height":67,"caption":"Phoenix Finanzvermittlung"},"image":{"@id":"https:\/\/gerne-kredit.de\/#\/schema\/logo\/image\/"}}]}},"jetpack_sharing_enabled":true,"_links":{"self":[{"href":"https:\/\/gerne-kredit.de\/index.php\/wp-json\/wp\/v2\/pages\/48","targetHints":{"allow":["GET"]}}],"collection":[{"href":"https:\/\/gerne-kredit.de\/index.php\/wp-json\/wp\/v2\/pages"}],"about":[{"href":"https:\/\/gerne-kredit.de\/index.php\/wp-json\/wp\/v2\/types\/page"}],"author":[{"embeddable":true,"href":"https:\/\/gerne-kredit.de\/index.php\/wp-json\/wp\/v2\/users\/1"}],"replies":[{"embeddable":true,"href":"https:\/\/gerne-kredit.de\/index.php\/wp-json\/wp\/v2\/comments?post=48"}],"version-history":[{"count":8,"href":"https:\/\/gerne-kredit.de\/index.php\/wp-json\/wp\/v2\/pages\/48\/revisions"}],"predecessor-version":[{"id":191,"href":"https:\/\/gerne-kredit.de\/index.php\/wp-json\/wp\/v2\/pages\/48\/revisions\/191"}],"wp:attachment":[{"href":"https:\/\/gerne-kredit.de\/index.php\/wp-json\/wp\/v2\/media?parent=48"}],"curies":[{"name":"wp","href":"https:\/\/api.w.org\/{rel}","templated":true}]}}