{"id":55,"date":"2018-11-22T16:27:59","date_gmt":"2018-11-22T15:27:59","guid":{"rendered":"https:\/\/gerne-kredit.de\/?page_id=55"},"modified":"2019-11-15T22:05:00","modified_gmt":"2019-11-15T21:05:00","slug":"ueber-phoenix-finanz","status":"publish","type":"page","link":"https:\/\/gerne-kredit.de\/index.php\/ueber-phoenix-finanz\/","title":{"rendered":"\u00dcber Phoenix Finanz"},"content":{"rendered":"<h1>\u00dcber Phoenix Finanz<\/h1>\n<p><strong>Eine der Kernkompetenz der Phoenix Finanz aus L\u00fcnen liegen in der Betreuung und Vermittlung von Finanzierungen und Krediten.<\/strong><\/p>\n<p><strong>Wir legen gro\u00dfen Wert auf Vertrauen und Transparenz sowie eine langfristige Zusammenarbeit mit Ihnen. Daher erhalten Sie bei uns alles aus einer Hand.<\/strong><\/p>\n<p><strong>Nutzen Sie unsere Erfahrung um Ihr Vorhaben umzusetzen und nehmen Sie Kontakt zu uns auf.<\/strong><\/p>\n<p><strong>Wir beraten Sie gerne zu den Themen Kredit und Finanzierung.<br \/>\n<\/strong><\/p>\n<p>&nbsp;<\/p>\n<h1><a href=\"https:\/\/gerne-kredit.de\/index.php\/kreditbeantragung\/\">Kredit<\/a><\/h1>\n<p>Haben Sie Fragen zur Vermittlung oder zum Ablauf der Kreditbearbeitung? Das Kredit-Team der Phoenix Finanz steht Ihnen unter 02306-8496943\u00a0 gern zur Verf\u00fcgung.<\/p>\n<p>&nbsp;<\/p>\n<p>&nbsp;<\/p>\n","protected":false},"excerpt":{"rendered":"<p>\u00dcber Phoenix Finanz Eine der Kernkompetenz der Phoenix Finanz aus L\u00fcnen liegen in der Betreuung und Vermittlung von Finanzierungen und Krediten. Wir legen gro\u00dfen Wert auf Vertrauen und Transparenz sowie eine langfristige Zusammenarbeit mit Ihnen. Daher erhalten Sie bei uns alles aus einer Hand. Nutzen Sie unsere Erfahrung um Ihr Vorhaben umzusetzen und nehmen Sie [&hellip;]<\/p>\n","protected":false},"author":1,"featured_media":0,"parent":0,"menu_order":0,"comment_status":"closed","ping_status":"closed","template":"","meta":{"footnotes":""},"class_list":["post-55","page","type-page","status-publish","hentry"],"yoast_head":"<!-- This site is optimized with the Yoast SEO plugin v27.3 - https:\/\/yoast.com\/product\/yoast-seo-wordpress\/ -->\n<title>\u00dcber Phoenix Finanz - Gerne Kredit<\/title>\n<meta name=\"description\" content=\"\u00dcber die Phoenix FInanz in L\u00fcnen: Eine der Kermkompetenzen liegen in der Vermittlung und Bearbeitungen von Krediten und Finanzierungen.\" \/>\n<meta name=\"robots\" content=\"index, follow, max-snippet:-1, max-image-preview:large, max-video-preview:-1\" \/>\n<link rel=\"canonical\" href=\"https:\/\/gerne-kredit.de\/index.php\/ueber-phoenix-finanz\/\" \/>\n<meta property=\"og:locale\" content=\"de_DE\" \/>\n<meta property=\"og:type\" content=\"article\" \/>\n<meta property=\"og:title\" content=\"\u00dcber Phoenix Finanz - Gerne Kredit\" \/>\n<meta property=\"og:description\" content=\"\u00dcber die Phoenix FInanz in L\u00fcnen: Eine der Kermkompetenzen liegen in der Vermittlung und Bearbeitungen von Krediten und Finanzierungen.\" \/>\n<meta property=\"og:url\" content=\"https:\/\/gerne-kredit.de\/index.php\/ueber-phoenix-finanz\/\" \/>\n<meta property=\"og:site_name\" content=\"Gerne Kredit\" \/>\n<meta property=\"article:modified_time\" content=\"2019-11-15T21:05:00+00:00\" \/>\n<meta name=\"twitter:card\" content=\"summary_large_image\" \/>\n<script type=\"application\/ld+json\" class=\"yoast-schema-graph\">{\"@context\":\"https:\\\/\\\/schema.org\",\"@graph\":[{\"@type\":\"WebPage\",\"@id\":\"https:\\\/\\\/gerne-kredit.de\\\/index.php\\\/ueber-phoenix-finanz\\\/\",\"url\":\"https:\\\/\\\/gerne-kredit.de\\\/index.php\\\/ueber-phoenix-finanz\\\/\",\"name\":\"\u00dcber Phoenix Finanz - Gerne Kredit\",\"isPartOf\":{\"@id\":\"https:\\\/\\\/gerne-kredit.de\\\/#website\"},\"datePublished\":\"2018-11-22T15:27:59+00:00\",\"dateModified\":\"2019-11-15T21:05:00+00:00\",\"description\":\"\u00dcber die Phoenix FInanz in L\u00fcnen: Eine der Kermkompetenzen liegen in der Vermittlung und Bearbeitungen von Krediten und Finanzierungen.\",\"breadcrumb\":{\"@id\":\"https:\\\/\\\/gerne-kredit.de\\\/index.php\\\/ueber-phoenix-finanz\\\/#breadcrumb\"},\"inLanguage\":\"de\",\"potentialAction\":[{\"@type\":\"ReadAction\",\"target\":[\"https:\\\/\\\/gerne-kredit.de\\\/index.php\\\/ueber-phoenix-finanz\\\/\"]}]},{\"@type\":\"BreadcrumbList\",\"@id\":\"https:\\\/\\\/gerne-kredit.de\\\/index.php\\\/ueber-phoenix-finanz\\\/#breadcrumb\",\"itemListElement\":[{\"@type\":\"ListItem\",\"position\":1,\"name\":\"Home\",\"item\":\"https:\\\/\\\/gerne-kredit.de\\\/\"},{\"@type\":\"ListItem\",\"position\":2,\"name\":\"\u00dcber Phoenix Finanz\"}]},{\"@type\":\"WebSite\",\"@id\":\"https:\\\/\\\/gerne-kredit.de\\\/#website\",\"url\":\"https:\\\/\\\/gerne-kredit.de\\\/\",\"name\":\"Gerne Kredit\",\"description\":\"Phoenix Finanz\",\"publisher\":{\"@id\":\"https:\\\/\\\/gerne-kredit.de\\\/#organization\"},\"potentialAction\":[{\"@type\":\"SearchAction\",\"target\":{\"@type\":\"EntryPoint\",\"urlTemplate\":\"https:\\\/\\\/gerne-kredit.de\\\/?s={search_term_string}\"},\"query-input\":{\"@type\":\"PropertyValueSpecification\",\"valueRequired\":true,\"valueName\":\"search_term_string\"}}],\"inLanguage\":\"de\"},{\"@type\":\"Organization\",\"@id\":\"https:\\\/\\\/gerne-kredit.de\\\/#organization\",\"name\":\"Phoenix Finanzvermittlung\",\"url\":\"https:\\\/\\\/gerne-kredit.de\\\/\",\"logo\":{\"@type\":\"ImageObject\",\"inLanguage\":\"de\",\"@id\":\"https:\\\/\\\/gerne-kredit.de\\\/#\\\/schema\\\/logo\\\/image\\\/\",\"url\":\"https:\\\/\\\/gerne-kredit.de\\\/wp-content\\\/uploads\\\/2019\\\/11\\\/Fotolia_69606118_XS1.jpg\",\"contentUrl\":\"https:\\\/\\\/gerne-kredit.de\\\/wp-content\\\/uploads\\\/2019\\\/11\\\/Fotolia_69606118_XS1.jpg\",\"width\":95,\"height\":67,\"caption\":\"Phoenix Finanzvermittlung\"},\"image\":{\"@id\":\"https:\\\/\\\/gerne-kredit.de\\\/#\\\/schema\\\/logo\\\/image\\\/\"}}]}<\/script>\n<!-- \/ Yoast SEO plugin. -->","yoast_head_json":{"title":"\u00dcber Phoenix Finanz - Gerne Kredit","description":"\u00dcber die Phoenix FInanz in L\u00fcnen: Eine der Kermkompetenzen liegen in der Vermittlung und Bearbeitungen von Krediten und Finanzierungen.","robots":{"index":"index","follow":"follow","max-snippet":"max-snippet:-1","max-image-preview":"max-image-preview:large","max-video-preview":"max-video-preview:-1"},"canonical":"https:\/\/gerne-kredit.de\/index.php\/ueber-phoenix-finanz\/","og_locale":"de_DE","og_type":"article","og_title":"\u00dcber Phoenix Finanz - Gerne Kredit","og_description":"\u00dcber die Phoenix FInanz in L\u00fcnen: Eine der Kermkompetenzen liegen in der Vermittlung und Bearbeitungen von Krediten und Finanzierungen.","og_url":"https:\/\/gerne-kredit.de\/index.php\/ueber-phoenix-finanz\/","og_site_name":"Gerne Kredit","article_modified_time":"2019-11-15T21:05:00+00:00","twitter_card":"summary_large_image","schema":{"@context":"https:\/\/schema.org","@graph":[{"@type":"WebPage","@id":"https:\/\/gerne-kredit.de\/index.php\/ueber-phoenix-finanz\/","url":"https:\/\/gerne-kredit.de\/index.php\/ueber-phoenix-finanz\/","name":"\u00dcber Phoenix Finanz - Gerne Kredit","isPartOf":{"@id":"https:\/\/gerne-kredit.de\/#website"},"datePublished":"2018-11-22T15:27:59+00:00","dateModified":"2019-11-15T21:05:00+00:00","description":"\u00dcber die Phoenix FInanz in L\u00fcnen: Eine der Kermkompetenzen liegen in der Vermittlung und Bearbeitungen von Krediten und Finanzierungen.","breadcrumb":{"@id":"https:\/\/gerne-kredit.de\/index.php\/ueber-phoenix-finanz\/#breadcrumb"},"inLanguage":"de","potentialAction":[{"@type":"ReadAction","target":["https:\/\/gerne-kredit.de\/index.php\/ueber-phoenix-finanz\/"]}]},{"@type":"BreadcrumbList","@id":"https:\/\/gerne-kredit.de\/index.php\/ueber-phoenix-finanz\/#breadcrumb","itemListElement":[{"@type":"ListItem","position":1,"name":"Home","item":"https:\/\/gerne-kredit.de\/"},{"@type":"ListItem","position":2,"name":"\u00dcber Phoenix Finanz"}]},{"@type":"WebSite","@id":"https:\/\/gerne-kredit.de\/#website","url":"https:\/\/gerne-kredit.de\/","name":"Gerne Kredit","description":"Phoenix Finanz","publisher":{"@id":"https:\/\/gerne-kredit.de\/#organization"},"potentialAction":[{"@type":"SearchAction","target":{"@type":"EntryPoint","urlTemplate":"https:\/\/gerne-kredit.de\/?s={search_term_string}"},"query-input":{"@type":"PropertyValueSpecification","valueRequired":true,"valueName":"search_term_string"}}],"inLanguage":"de"},{"@type":"Organization","@id":"https:\/\/gerne-kredit.de\/#organization","name":"Phoenix Finanzvermittlung","url":"https:\/\/gerne-kredit.de\/","logo":{"@type":"ImageObject","inLanguage":"de","@id":"https:\/\/gerne-kredit.de\/#\/schema\/logo\/image\/","url":"https:\/\/gerne-kredit.de\/wp-content\/uploads\/2019\/11\/Fotolia_69606118_XS1.jpg","contentUrl":"https:\/\/gerne-kredit.de\/wp-content\/uploads\/2019\/11\/Fotolia_69606118_XS1.jpg","width":95,"height":67,"caption":"Phoenix Finanzvermittlung"},"image":{"@id":"https:\/\/gerne-kredit.de\/#\/schema\/logo\/image\/"}}]}},"jetpack_sharing_enabled":true,"_links":{"self":[{"href":"https:\/\/gerne-kredit.de\/index.php\/wp-json\/wp\/v2\/pages\/55","targetHints":{"allow":["GET"]}}],"collection":[{"href":"https:\/\/gerne-kredit.de\/index.php\/wp-json\/wp\/v2\/pages"}],"about":[{"href":"https:\/\/gerne-kredit.de\/index.php\/wp-json\/wp\/v2\/types\/page"}],"author":[{"embeddable":true,"href":"https:\/\/gerne-kredit.de\/index.php\/wp-json\/wp\/v2\/users\/1"}],"replies":[{"embeddable":true,"href":"https:\/\/gerne-kredit.de\/index.php\/wp-json\/wp\/v2\/comments?post=55"}],"version-history":[{"count":11,"href":"https:\/\/gerne-kredit.de\/index.php\/wp-json\/wp\/v2\/pages\/55\/revisions"}],"predecessor-version":[{"id":203,"href":"https:\/\/gerne-kredit.de\/index.php\/wp-json\/wp\/v2\/pages\/55\/revisions\/203"}],"wp:attachment":[{"href":"https:\/\/gerne-kredit.de\/index.php\/wp-json\/wp\/v2\/media?parent=55"}],"curies":[{"name":"wp","href":"https:\/\/api.w.org\/{rel}","templated":true}]}}