{"id":7,"date":"2018-11-22T15:53:57","date_gmt":"2018-11-22T14:53:57","guid":{"rendered":"https:\/\/gerne-kredit.de\/?page_id=7"},"modified":"2021-03-31T21:36:43","modified_gmt":"2021-03-31T19:36:43","slug":"gerne-kredit","status":"publish","type":"page","link":"https:\/\/gerne-kredit.de\/","title":{"rendered":"Phoenix Finanz"},"content":{"rendered":"<h1><strong>Gerne Kredit<\/strong><\/h1>\n<p><strong>Herzlich willkommen auf der Internetpr\u00e4senz www.gerne-kredit.de der Phoenix Finanz.<br \/>\n<\/strong><\/p>\n<p><strong>Die Phoenix Finanzvermittlung mit Sitz in L\u00fcnen bei Dortmund ist unabh\u00e4ngiger Dienstleister und arbeitet mit zahlreichen Banken zusammen, um Sie zum Thema Darlehen und Finanzierungen gezielt beraten und bedienen zu k\u00f6nnen.<\/strong><\/p>\n<p>&nbsp;<\/p>\n<h2><strong>Kredit<\/strong><\/h2>\n<p><strong>Es gibt Situationen, da ist eine g\u00fcnstige Finanzierung erforderlich, um eine dringende Anschaffung zu t\u00e4tigen oder um sich einen langersehnten Wunsch zu erf\u00fcllen. <\/strong><strong>Auch eine teure Reparatur, ein aufwendiger Zahnersatz oder ein Dispoausgleich kann es n\u00f6tig machen, einen g\u00fcnstigen Kredit zu beantragen. <\/strong><strong>Eine Umschuldung kann neuen finanziellen Spielraum verschaffen.<\/strong><\/p>\n<p>&nbsp;<\/p>\n<h2>Das Phoenix Finanz Versprechen<\/h2>\n<p><strong>\u00a0\u00a0\u00a0\u00a0 *\u00a0 Finden Sie g\u00fcnstige Kreditangebote<\/strong><\/p>\n<p><strong>\u00a0\u00a0\u00a0\u00a0\u00a0 * <\/strong><strong>Kostenlose Pr\u00fcfung Ihrer Anfrage<\/strong><\/p>\n<p><strong>\u00a0\u00a0\u00a0\u00a0\u00a0 * Top Beratung<\/strong><\/p>\n<p><strong>\u00a0\u00a0\u00a0\u00a0\u00a0 * Individuelle Finanzierungsh\u00f6he und Laufzeit m\u00f6glich<\/strong><\/p>\n<p><img loading=\"lazy\" decoding=\"async\" class=\"alignnone wp-image-73 size-full\" title=\"Gerne Kredit \" src=\"https:\/\/gerne-kredit.de\/wp-content\/uploads\/2018\/11\/Ok-Pfeil-gruen-2.png\" alt=\"\" width=\"29\" height=\"29\" \/><\/p>\n<p><strong>\u00a0\u00a0\u00a0\u00a0\u00a0 <\/strong><\/p>\n<p><strong>Beantragen Sie noch heute Ihren Kredit. Wir sind gerne f\u00fcr Sie t\u00e4tig!\u00a0 <a href=\"https:\/\/gerne-kredit.de\/index.php\/kreditbeantragung\/\">&#8211;&gt;Zur Kreditbeantragung&lt;&#8211;<\/a><\/strong><\/p>\n<p>&nbsp;<\/p>\n<p>&nbsp;<\/p>\n<p>&nbsp;<\/p>\n<p>&nbsp;<\/p>\n<p>&nbsp;<\/p>\n","protected":false},"excerpt":{"rendered":"<p>Gerne Kredit Herzlich willkommen auf der Internetpr\u00e4senz www.gerne-kredit.de der Phoenix Finanz. Die Phoenix Finanzvermittlung mit Sitz in L\u00fcnen bei Dortmund ist unabh\u00e4ngiger Dienstleister und arbeitet mit zahlreichen Banken zusammen, um Sie zum Thema Darlehen und Finanzierungen gezielt beraten und bedienen zu k\u00f6nnen. &nbsp; Kredit Es gibt Situationen, da ist eine g\u00fcnstige Finanzierung erforderlich, um eine [&hellip;]<\/p>\n","protected":false},"author":1,"featured_media":0,"parent":0,"menu_order":0,"comment_status":"closed","ping_status":"closed","template":"","meta":{"footnotes":""},"class_list":["post-7","page","type-page","status-publish","hentry"],"yoast_head":"<!-- This site is optimized with the Yoast SEO plugin v27.4 - https:\/\/yoast.com\/product\/yoast-seo-wordpress\/ -->\n<title>Phoenix Finanz - Gerne Kredit<\/title>\n<meta name=\"description\" content=\"Schnelle Kreditbeantragung und -bearbeitung erhalten Sie \u00fcber unsere Seite gerne kredit der Phoenix Finanzvermittlung in L\u00fcnen.\" \/>\n<meta name=\"robots\" content=\"index, follow, max-snippet:-1, max-image-preview:large, max-video-preview:-1\" \/>\n<link rel=\"canonical\" href=\"https:\/\/gerne-kredit.de\/\" \/>\n<meta property=\"og:locale\" content=\"de_DE\" \/>\n<meta property=\"og:type\" content=\"article\" \/>\n<meta property=\"og:title\" content=\"Phoenix Finanz - Gerne Kredit\" \/>\n<meta property=\"og:description\" content=\"Schnelle Kreditbeantragung und -bearbeitung erhalten Sie \u00fcber unsere Seite gerne kredit der Phoenix Finanzvermittlung in L\u00fcnen.\" \/>\n<meta property=\"og:url\" content=\"https:\/\/gerne-kredit.de\/\" \/>\n<meta property=\"og:site_name\" content=\"Gerne Kredit\" \/>\n<meta property=\"article:modified_time\" content=\"2021-03-31T19:36:43+00:00\" \/>\n<meta property=\"og:image\" content=\"https:\/\/gerne-kredit.de\/wp-content\/uploads\/2018\/11\/Ok-Pfeil-gruen-2.png\" \/>\n<meta name=\"twitter:card\" content=\"summary_large_image\" \/>\n<meta name=\"twitter:label1\" content=\"Gesch\u00e4tzte Lesezeit\" \/>\n\t<meta name=\"twitter:data1\" content=\"1\u00a0Minute\" \/>\n<script type=\"application\/ld+json\" class=\"yoast-schema-graph\">{\"@context\":\"https:\\\/\\\/schema.org\",\"@graph\":[{\"@type\":\"WebPage\",\"@id\":\"https:\\\/\\\/gerne-kredit.de\\\/\",\"url\":\"https:\\\/\\\/gerne-kredit.de\\\/\",\"name\":\"Phoenix Finanz - Gerne Kredit\",\"isPartOf\":{\"@id\":\"https:\\\/\\\/gerne-kredit.de\\\/#website\"},\"primaryImageOfPage\":{\"@id\":\"https:\\\/\\\/gerne-kredit.de\\\/#primaryimage\"},\"image\":{\"@id\":\"https:\\\/\\\/gerne-kredit.de\\\/#primaryimage\"},\"thumbnailUrl\":\"https:\\\/\\\/gerne-kredit.de\\\/wp-content\\\/uploads\\\/2018\\\/11\\\/Ok-Pfeil-gruen-2.png\",\"datePublished\":\"2018-11-22T14:53:57+00:00\",\"dateModified\":\"2021-03-31T19:36:43+00:00\",\"description\":\"Schnelle Kreditbeantragung und -bearbeitung erhalten Sie \u00fcber unsere Seite gerne kredit der Phoenix Finanzvermittlung in L\u00fcnen.\",\"breadcrumb\":{\"@id\":\"https:\\\/\\\/gerne-kredit.de\\\/#breadcrumb\"},\"inLanguage\":\"de\",\"potentialAction\":[{\"@type\":\"ReadAction\",\"target\":[\"https:\\\/\\\/gerne-kredit.de\\\/\"]}]},{\"@type\":\"ImageObject\",\"inLanguage\":\"de\",\"@id\":\"https:\\\/\\\/gerne-kredit.de\\\/#primaryimage\",\"url\":\"https:\\\/\\\/gerne-kredit.de\\\/wp-content\\\/uploads\\\/2018\\\/11\\\/Ok-Pfeil-gruen-2.png\",\"contentUrl\":\"https:\\\/\\\/gerne-kredit.de\\\/wp-content\\\/uploads\\\/2018\\\/11\\\/Ok-Pfeil-gruen-2.png\",\"width\":29,\"height\":29},{\"@type\":\"BreadcrumbList\",\"@id\":\"https:\\\/\\\/gerne-kredit.de\\\/#breadcrumb\",\"itemListElement\":[{\"@type\":\"ListItem\",\"position\":1,\"name\":\"Home\",\"item\":\"https:\\\/\\\/gerne-kredit.de\\\/\"},{\"@type\":\"ListItem\",\"position\":2,\"name\":\"Phoenix Finanz\"}]},{\"@type\":\"WebSite\",\"@id\":\"https:\\\/\\\/gerne-kredit.de\\\/#website\",\"url\":\"https:\\\/\\\/gerne-kredit.de\\\/\",\"name\":\"Gerne Kredit\",\"description\":\"Phoenix Finanz\",\"publisher\":{\"@id\":\"https:\\\/\\\/gerne-kredit.de\\\/#organization\"},\"potentialAction\":[{\"@type\":\"SearchAction\",\"target\":{\"@type\":\"EntryPoint\",\"urlTemplate\":\"https:\\\/\\\/gerne-kredit.de\\\/?s={search_term_string}\"},\"query-input\":{\"@type\":\"PropertyValueSpecification\",\"valueRequired\":true,\"valueName\":\"search_term_string\"}}],\"inLanguage\":\"de\"},{\"@type\":\"Organization\",\"@id\":\"https:\\\/\\\/gerne-kredit.de\\\/#organization\",\"name\":\"Phoenix Finanzvermittlung\",\"url\":\"https:\\\/\\\/gerne-kredit.de\\\/\",\"logo\":{\"@type\":\"ImageObject\",\"inLanguage\":\"de\",\"@id\":\"https:\\\/\\\/gerne-kredit.de\\\/#\\\/schema\\\/logo\\\/image\\\/\",\"url\":\"https:\\\/\\\/gerne-kredit.de\\\/wp-content\\\/uploads\\\/2019\\\/11\\\/Fotolia_69606118_XS1.jpg\",\"contentUrl\":\"https:\\\/\\\/gerne-kredit.de\\\/wp-content\\\/uploads\\\/2019\\\/11\\\/Fotolia_69606118_XS1.jpg\",\"width\":95,\"height\":67,\"caption\":\"Phoenix Finanzvermittlung\"},\"image\":{\"@id\":\"https:\\\/\\\/gerne-kredit.de\\\/#\\\/schema\\\/logo\\\/image\\\/\"}}]}<\/script>\n<!-- \/ Yoast SEO plugin. -->","yoast_head_json":{"title":"Phoenix Finanz - Gerne Kredit","description":"Schnelle Kreditbeantragung und -bearbeitung erhalten Sie \u00fcber unsere Seite gerne kredit der Phoenix Finanzvermittlung in L\u00fcnen.","robots":{"index":"index","follow":"follow","max-snippet":"max-snippet:-1","max-image-preview":"max-image-preview:large","max-video-preview":"max-video-preview:-1"},"canonical":"https:\/\/gerne-kredit.de\/","og_locale":"de_DE","og_type":"article","og_title":"Phoenix Finanz - Gerne Kredit","og_description":"Schnelle Kreditbeantragung und -bearbeitung erhalten Sie \u00fcber unsere Seite gerne kredit der Phoenix Finanzvermittlung in L\u00fcnen.","og_url":"https:\/\/gerne-kredit.de\/","og_site_name":"Gerne Kredit","article_modified_time":"2021-03-31T19:36:43+00:00","og_image":[{"url":"https:\/\/gerne-kredit.de\/wp-content\/uploads\/2018\/11\/Ok-Pfeil-gruen-2.png","type":"","width":"","height":""}],"twitter_card":"summary_large_image","twitter_misc":{"Gesch\u00e4tzte Lesezeit":"1\u00a0Minute"},"schema":{"@context":"https:\/\/schema.org","@graph":[{"@type":"WebPage","@id":"https:\/\/gerne-kredit.de\/","url":"https:\/\/gerne-kredit.de\/","name":"Phoenix Finanz - Gerne Kredit","isPartOf":{"@id":"https:\/\/gerne-kredit.de\/#website"},"primaryImageOfPage":{"@id":"https:\/\/gerne-kredit.de\/#primaryimage"},"image":{"@id":"https:\/\/gerne-kredit.de\/#primaryimage"},"thumbnailUrl":"https:\/\/gerne-kredit.de\/wp-content\/uploads\/2018\/11\/Ok-Pfeil-gruen-2.png","datePublished":"2018-11-22T14:53:57+00:00","dateModified":"2021-03-31T19:36:43+00:00","description":"Schnelle Kreditbeantragung und -bearbeitung erhalten Sie \u00fcber unsere Seite gerne kredit der Phoenix Finanzvermittlung in L\u00fcnen.","breadcrumb":{"@id":"https:\/\/gerne-kredit.de\/#breadcrumb"},"inLanguage":"de","potentialAction":[{"@type":"ReadAction","target":["https:\/\/gerne-kredit.de\/"]}]},{"@type":"ImageObject","inLanguage":"de","@id":"https:\/\/gerne-kredit.de\/#primaryimage","url":"https:\/\/gerne-kredit.de\/wp-content\/uploads\/2018\/11\/Ok-Pfeil-gruen-2.png","contentUrl":"https:\/\/gerne-kredit.de\/wp-content\/uploads\/2018\/11\/Ok-Pfeil-gruen-2.png","width":29,"height":29},{"@type":"BreadcrumbList","@id":"https:\/\/gerne-kredit.de\/#breadcrumb","itemListElement":[{"@type":"ListItem","position":1,"name":"Home","item":"https:\/\/gerne-kredit.de\/"},{"@type":"ListItem","position":2,"name":"Phoenix Finanz"}]},{"@type":"WebSite","@id":"https:\/\/gerne-kredit.de\/#website","url":"https:\/\/gerne-kredit.de\/","name":"Gerne Kredit","description":"Phoenix Finanz","publisher":{"@id":"https:\/\/gerne-kredit.de\/#organization"},"potentialAction":[{"@type":"SearchAction","target":{"@type":"EntryPoint","urlTemplate":"https:\/\/gerne-kredit.de\/?s={search_term_string}"},"query-input":{"@type":"PropertyValueSpecification","valueRequired":true,"valueName":"search_term_string"}}],"inLanguage":"de"},{"@type":"Organization","@id":"https:\/\/gerne-kredit.de\/#organization","name":"Phoenix Finanzvermittlung","url":"https:\/\/gerne-kredit.de\/","logo":{"@type":"ImageObject","inLanguage":"de","@id":"https:\/\/gerne-kredit.de\/#\/schema\/logo\/image\/","url":"https:\/\/gerne-kredit.de\/wp-content\/uploads\/2019\/11\/Fotolia_69606118_XS1.jpg","contentUrl":"https:\/\/gerne-kredit.de\/wp-content\/uploads\/2019\/11\/Fotolia_69606118_XS1.jpg","width":95,"height":67,"caption":"Phoenix Finanzvermittlung"},"image":{"@id":"https:\/\/gerne-kredit.de\/#\/schema\/logo\/image\/"}}]}},"jetpack_sharing_enabled":true,"_links":{"self":[{"href":"https:\/\/gerne-kredit.de\/index.php\/wp-json\/wp\/v2\/pages\/7","targetHints":{"allow":["GET"]}}],"collection":[{"href":"https:\/\/gerne-kredit.de\/index.php\/wp-json\/wp\/v2\/pages"}],"about":[{"href":"https:\/\/gerne-kredit.de\/index.php\/wp-json\/wp\/v2\/types\/page"}],"author":[{"embeddable":true,"href":"https:\/\/gerne-kredit.de\/index.php\/wp-json\/wp\/v2\/users\/1"}],"replies":[{"embeddable":true,"href":"https:\/\/gerne-kredit.de\/index.php\/wp-json\/wp\/v2\/comments?post=7"}],"version-history":[{"count":29,"href":"https:\/\/gerne-kredit.de\/index.php\/wp-json\/wp\/v2\/pages\/7\/revisions"}],"predecessor-version":[{"id":344,"href":"https:\/\/gerne-kredit.de\/index.php\/wp-json\/wp\/v2\/pages\/7\/revisions\/344"}],"wp:attachment":[{"href":"https:\/\/gerne-kredit.de\/index.php\/wp-json\/wp\/v2\/media?parent=7"}],"curies":[{"name":"wp","href":"https:\/\/api.w.org\/{rel}","templated":true}]}}