{"id":93,"date":"2018-11-23T07:55:07","date_gmt":"2018-11-23T06:55:07","guid":{"rendered":"https:\/\/gerne-kredit.de\/?page_id=93"},"modified":"2019-11-15T21:50:14","modified_gmt":"2019-11-15T20:50:14","slug":"kreditbeantragung","status":"publish","type":"page","link":"https:\/\/gerne-kredit.de\/index.php\/kreditbeantragung\/","title":{"rendered":"Kreditbeantragung"},"content":{"rendered":"<h1>Kreditbeantragung<\/h1>\n<p><strong>F\u00fcr Ihre Kreditbeantragung nutzen Sie unseren Kreditvergleich. Diese basieren auf der von Ihnen ben\u00f6tigten Kredith\u00f6he und der gew\u00fcnschten Laufzeit. Sie erhalten eine \u00dcbersicht der aktuellen Konditionen verschiedener Anbieter.<\/strong><\/p>\n<p><strong>So haben Sie die M\u00f6glichkeit, das f\u00fcr Sie passende Kreditangebot auszuw\u00e4hlen und den Darlehensantrag zu stellen.<\/strong><\/p>\n<p>&nbsp;<\/p>\n<p><iframe loading=\"lazy\" src=\"https:\/\/www.procheck24.de\/einsurance\/csp\/doHomepageEntry.do?cspident=B4A8D1CEF161461D37CFF5418E128C92&amp;p=1\" width=\"800\" height=\"1050\" data-mce-fragment=\"1\">\/iframe&amp;gt;&amp;nbsp;&lt;\/p&gt;&lt;p&gt;<\/iframe><\/p>\n<p><strong>Bei Fragen steht Ihnen das Phoenix-Finanz-Team gern unter 02306-8496943 zur Verf\u00fcgung oder nutzen Sie das Kontaktformular: <a href=\"https:\/\/gerne-kredit.de\/index.php\/kontakt\/\">zum Kontakt<\/a><\/strong><\/p>\n","protected":false},"excerpt":{"rendered":"<p>Kreditbeantragung F\u00fcr Ihre Kreditbeantragung nutzen Sie unseren Kreditvergleich. Diese basieren auf der von Ihnen ben\u00f6tigten Kredith\u00f6he und der gew\u00fcnschten Laufzeit. Sie erhalten eine \u00dcbersicht der aktuellen Konditionen verschiedener Anbieter. So haben Sie die M\u00f6glichkeit, das f\u00fcr Sie passende Kreditangebot auszuw\u00e4hlen und den Darlehensantrag zu stellen. &nbsp; \/iframe&amp;gt;&amp;nbsp;&lt;\/p&gt;&lt;p&gt; Bei Fragen steht Ihnen das Phoenix-Finanz-Team gern unter [&hellip;]<\/p>\n","protected":false},"author":1,"featured_media":0,"parent":0,"menu_order":0,"comment_status":"closed","ping_status":"closed","template":"","meta":{"footnotes":""},"class_list":["post-93","page","type-page","status-publish","hentry"],"yoast_head":"<!-- This site is optimized with the Yoast SEO plugin v27.3 - https:\/\/yoast.com\/product\/yoast-seo-wordpress\/ -->\n<title>Kreditbeantragung - Gerne Kredit<\/title>\n<meta name=\"description\" content=\"Die Kreditbeantragung ist bei der Phoenix Finanz denkbar einfach. W\u00e4hlen Sie Kredith\u00f6he und Laufzeit und los geht\u00b4s. Vergleichen Sie Ihren Kredit!\" \/>\n<meta name=\"robots\" content=\"index, follow, max-snippet:-1, max-image-preview:large, max-video-preview:-1\" \/>\n<link rel=\"canonical\" href=\"https:\/\/gerne-kredit.de\/index.php\/kreditbeantragung\/\" \/>\n<meta property=\"og:locale\" content=\"de_DE\" \/>\n<meta property=\"og:type\" content=\"article\" \/>\n<meta property=\"og:title\" content=\"Kreditbeantragung - Gerne Kredit\" \/>\n<meta property=\"og:description\" content=\"Die Kreditbeantragung ist bei der Phoenix Finanz denkbar einfach. W\u00e4hlen Sie Kredith\u00f6he und Laufzeit und los geht\u00b4s. Vergleichen Sie Ihren Kredit!\" \/>\n<meta property=\"og:url\" content=\"https:\/\/gerne-kredit.de\/index.php\/kreditbeantragung\/\" \/>\n<meta property=\"og:site_name\" content=\"Gerne Kredit\" \/>\n<meta property=\"article:modified_time\" content=\"2019-11-15T20:50:14+00:00\" \/>\n<meta name=\"twitter:card\" content=\"summary_large_image\" \/>\n<script type=\"application\/ld+json\" class=\"yoast-schema-graph\">{\"@context\":\"https:\\\/\\\/schema.org\",\"@graph\":[{\"@type\":\"WebPage\",\"@id\":\"https:\\\/\\\/gerne-kredit.de\\\/index.php\\\/kreditbeantragung\\\/\",\"url\":\"https:\\\/\\\/gerne-kredit.de\\\/index.php\\\/kreditbeantragung\\\/\",\"name\":\"Kreditbeantragung - Gerne Kredit\",\"isPartOf\":{\"@id\":\"https:\\\/\\\/gerne-kredit.de\\\/#website\"},\"datePublished\":\"2018-11-23T06:55:07+00:00\",\"dateModified\":\"2019-11-15T20:50:14+00:00\",\"description\":\"Die Kreditbeantragung ist bei der Phoenix Finanz denkbar einfach. W\u00e4hlen Sie Kredith\u00f6he und Laufzeit und los geht\u00b4s. Vergleichen Sie Ihren Kredit!\",\"breadcrumb\":{\"@id\":\"https:\\\/\\\/gerne-kredit.de\\\/index.php\\\/kreditbeantragung\\\/#breadcrumb\"},\"inLanguage\":\"de\",\"potentialAction\":[{\"@type\":\"ReadAction\",\"target\":[\"https:\\\/\\\/gerne-kredit.de\\\/index.php\\\/kreditbeantragung\\\/\"]}]},{\"@type\":\"BreadcrumbList\",\"@id\":\"https:\\\/\\\/gerne-kredit.de\\\/index.php\\\/kreditbeantragung\\\/#breadcrumb\",\"itemListElement\":[{\"@type\":\"ListItem\",\"position\":1,\"name\":\"Home\",\"item\":\"https:\\\/\\\/gerne-kredit.de\\\/\"},{\"@type\":\"ListItem\",\"position\":2,\"name\":\"Kreditbeantragung\"}]},{\"@type\":\"WebSite\",\"@id\":\"https:\\\/\\\/gerne-kredit.de\\\/#website\",\"url\":\"https:\\\/\\\/gerne-kredit.de\\\/\",\"name\":\"Gerne Kredit\",\"description\":\"Phoenix Finanz\",\"publisher\":{\"@id\":\"https:\\\/\\\/gerne-kredit.de\\\/#organization\"},\"potentialAction\":[{\"@type\":\"SearchAction\",\"target\":{\"@type\":\"EntryPoint\",\"urlTemplate\":\"https:\\\/\\\/gerne-kredit.de\\\/?s={search_term_string}\"},\"query-input\":{\"@type\":\"PropertyValueSpecification\",\"valueRequired\":true,\"valueName\":\"search_term_string\"}}],\"inLanguage\":\"de\"},{\"@type\":\"Organization\",\"@id\":\"https:\\\/\\\/gerne-kredit.de\\\/#organization\",\"name\":\"Phoenix Finanzvermittlung\",\"url\":\"https:\\\/\\\/gerne-kredit.de\\\/\",\"logo\":{\"@type\":\"ImageObject\",\"inLanguage\":\"de\",\"@id\":\"https:\\\/\\\/gerne-kredit.de\\\/#\\\/schema\\\/logo\\\/image\\\/\",\"url\":\"https:\\\/\\\/gerne-kredit.de\\\/wp-content\\\/uploads\\\/2019\\\/11\\\/Fotolia_69606118_XS1.jpg\",\"contentUrl\":\"https:\\\/\\\/gerne-kredit.de\\\/wp-content\\\/uploads\\\/2019\\\/11\\\/Fotolia_69606118_XS1.jpg\",\"width\":95,\"height\":67,\"caption\":\"Phoenix Finanzvermittlung\"},\"image\":{\"@id\":\"https:\\\/\\\/gerne-kredit.de\\\/#\\\/schema\\\/logo\\\/image\\\/\"}}]}<\/script>\n<!-- \/ Yoast SEO plugin. -->","yoast_head_json":{"title":"Kreditbeantragung - Gerne Kredit","description":"Die Kreditbeantragung ist bei der Phoenix Finanz denkbar einfach. W\u00e4hlen Sie Kredith\u00f6he und Laufzeit und los geht\u00b4s. Vergleichen Sie Ihren Kredit!","robots":{"index":"index","follow":"follow","max-snippet":"max-snippet:-1","max-image-preview":"max-image-preview:large","max-video-preview":"max-video-preview:-1"},"canonical":"https:\/\/gerne-kredit.de\/index.php\/kreditbeantragung\/","og_locale":"de_DE","og_type":"article","og_title":"Kreditbeantragung - Gerne Kredit","og_description":"Die Kreditbeantragung ist bei der Phoenix Finanz denkbar einfach. W\u00e4hlen Sie Kredith\u00f6he und Laufzeit und los geht\u00b4s. Vergleichen Sie Ihren Kredit!","og_url":"https:\/\/gerne-kredit.de\/index.php\/kreditbeantragung\/","og_site_name":"Gerne Kredit","article_modified_time":"2019-11-15T20:50:14+00:00","twitter_card":"summary_large_image","schema":{"@context":"https:\/\/schema.org","@graph":[{"@type":"WebPage","@id":"https:\/\/gerne-kredit.de\/index.php\/kreditbeantragung\/","url":"https:\/\/gerne-kredit.de\/index.php\/kreditbeantragung\/","name":"Kreditbeantragung - Gerne Kredit","isPartOf":{"@id":"https:\/\/gerne-kredit.de\/#website"},"datePublished":"2018-11-23T06:55:07+00:00","dateModified":"2019-11-15T20:50:14+00:00","description":"Die Kreditbeantragung ist bei der Phoenix Finanz denkbar einfach. W\u00e4hlen Sie Kredith\u00f6he und Laufzeit und los geht\u00b4s. Vergleichen Sie Ihren Kredit!","breadcrumb":{"@id":"https:\/\/gerne-kredit.de\/index.php\/kreditbeantragung\/#breadcrumb"},"inLanguage":"de","potentialAction":[{"@type":"ReadAction","target":["https:\/\/gerne-kredit.de\/index.php\/kreditbeantragung\/"]}]},{"@type":"BreadcrumbList","@id":"https:\/\/gerne-kredit.de\/index.php\/kreditbeantragung\/#breadcrumb","itemListElement":[{"@type":"ListItem","position":1,"name":"Home","item":"https:\/\/gerne-kredit.de\/"},{"@type":"ListItem","position":2,"name":"Kreditbeantragung"}]},{"@type":"WebSite","@id":"https:\/\/gerne-kredit.de\/#website","url":"https:\/\/gerne-kredit.de\/","name":"Gerne Kredit","description":"Phoenix Finanz","publisher":{"@id":"https:\/\/gerne-kredit.de\/#organization"},"potentialAction":[{"@type":"SearchAction","target":{"@type":"EntryPoint","urlTemplate":"https:\/\/gerne-kredit.de\/?s={search_term_string}"},"query-input":{"@type":"PropertyValueSpecification","valueRequired":true,"valueName":"search_term_string"}}],"inLanguage":"de"},{"@type":"Organization","@id":"https:\/\/gerne-kredit.de\/#organization","name":"Phoenix Finanzvermittlung","url":"https:\/\/gerne-kredit.de\/","logo":{"@type":"ImageObject","inLanguage":"de","@id":"https:\/\/gerne-kredit.de\/#\/schema\/logo\/image\/","url":"https:\/\/gerne-kredit.de\/wp-content\/uploads\/2019\/11\/Fotolia_69606118_XS1.jpg","contentUrl":"https:\/\/gerne-kredit.de\/wp-content\/uploads\/2019\/11\/Fotolia_69606118_XS1.jpg","width":95,"height":67,"caption":"Phoenix Finanzvermittlung"},"image":{"@id":"https:\/\/gerne-kredit.de\/#\/schema\/logo\/image\/"}}]}},"jetpack_sharing_enabled":true,"_links":{"self":[{"href":"https:\/\/gerne-kredit.de\/index.php\/wp-json\/wp\/v2\/pages\/93","targetHints":{"allow":["GET"]}}],"collection":[{"href":"https:\/\/gerne-kredit.de\/index.php\/wp-json\/wp\/v2\/pages"}],"about":[{"href":"https:\/\/gerne-kredit.de\/index.php\/wp-json\/wp\/v2\/types\/page"}],"author":[{"embeddable":true,"href":"https:\/\/gerne-kredit.de\/index.php\/wp-json\/wp\/v2\/users\/1"}],"replies":[{"embeddable":true,"href":"https:\/\/gerne-kredit.de\/index.php\/wp-json\/wp\/v2\/comments?post=93"}],"version-history":[{"count":9,"href":"https:\/\/gerne-kredit.de\/index.php\/wp-json\/wp\/v2\/pages\/93\/revisions"}],"predecessor-version":[{"id":202,"href":"https:\/\/gerne-kredit.de\/index.php\/wp-json\/wp\/v2\/pages\/93\/revisions\/202"}],"wp:attachment":[{"href":"https:\/\/gerne-kredit.de\/index.php\/wp-json\/wp\/v2\/media?parent=93"}],"curies":[{"name":"wp","href":"https:\/\/api.w.org\/{rel}","templated":true}]}}